{"id":180,"date":"2024-02-22T11:33:24","date_gmt":"2024-02-22T10:33:24","guid":{"rendered":"https:\/\/nextbike-live.pluspol-networks.de\/vagrad\/?page_id=180"},"modified":"2026-03-10T11:43:50","modified_gmt":"2026-03-10T10:43:50","slug":"freeminutes","status":"publish","type":"page","link":"https:\/\/www.vagrad.de\/en\/freeminutes\/","title":{"rendered":"Free minutes"},"content":{"rendered":"<div class=\"wpb-content-wrapper\"><p>[vc_row ppi_row_padding=&#8221;ppi_remove_padding_bottom&#8221;][vc_column][vc_column_text css=&#8221;&#8221;]<\/p>\n<h1 style=\"text-align: center\">Free minutes<\/h1>\n<p style=\"text-align: center\"><strong>Link your subscription to your VAG_Rad account and get 600 free minutes per month (free minutes plus per-use fee).<\/strong><\/p>\n<p style=\"text-align: center\"><strong><span class=\"lookup-word hover:bg-gray-light bg-transparent select-none hover:cursor-pointer max-sm:data-[is-touched=true]:bg-gray-light max-sm:py-0.5\" data-slate-leaf=\"true\">Additionally<\/span>, <span class=\"lookup-word hover:bg-gray-light bg-transparent select-none hover:cursor-pointer max-sm:data-[is-touched=true]:bg-gray-light max-sm:py-0.5\" data-slate-leaf=\"true\">you<\/span> <span class=\"lookup-word hover:bg-gray-light bg-transparent select-none hover:cursor-pointer max-sm:data-[is-touched=true]:bg-gray-light max-sm:py-0.5\" data-slate-leaf=\"true\">receive<\/span> 15 <span class=\"lookup-word hover:bg-gray-light bg-transparent select-none hover:cursor-pointer max-sm:data-[is-touched=true]:bg-gray-light max-sm:py-0.5\" data-slate-leaf=\"true\">free<\/span> <span class=\"lookup-word hover:bg-gray-light bg-transparent select-none hover:cursor-pointer max-sm:data-[is-touched=true]:bg-gray-light max-sm:py-0.5\" data-slate-leaf=\"true\">minutes<\/span>\u00a0<span class=\"lookup-word hover:bg-gray-light bg-transparent select-none hover:cursor-pointer max-sm:data-[is-touched=true]:bg-gray-light max-sm:py-0.5\" data-slate-leaf=\"true\">per<\/span> <span class=\"lookup-word hover:bg-gray-light bg-transparent select-none hover:cursor-pointer max-sm:data-[is-touched=true]:bg-gray-light max-sm:py-0.5\" data-slate-leaf=\"true\">month<\/span> <span class=\"lookup-word hover:bg-gray-light bg-transparent select-none hover:cursor-pointer max-sm:data-[is-touched=true]:bg-gray-light max-sm:py-0.5\" data-slate-leaf=\"true\">for<\/span> <span class=\"lookup-word hover:bg-gray-light bg-transparent select-none hover:cursor-pointer max-sm:data-[is-touched=true]:bg-gray-light max-sm:py-0.5\" data-slate-leaf=\"true\">Voi<\/span> <span class=\"lookup-word hover:bg-gray-light bg-transparent select-none hover:cursor-pointer max-sm:data-[is-touched=true]:bg-gray-light max-sm:py-0.5\" data-slate-leaf=\"true\">e<\/span>&#8211;<span class=\"lookup-word hover:bg-gray-light bg-transparent select-none hover:cursor-pointer max-sm:data-[is-touched=true]:bg-gray-light max-sm:py-0.5\" data-slate-leaf=\"true\">scooter<\/span> (free minutes plus per-use fee).<\/strong><\/p>\n<p>[\/vc_column_text][\/vc_column][\/vc_row][vc_row][vc_column width=&#8221;1\/6&#8243; offset=&#8221;vc_hidden-sm vc_hidden-xs&#8221;][vc_single_image image=&#8221;165&#8243; img_size=&#8221;100px&#8221; alignment=&#8221;center&#8221;][\/vc_column][vc_column width=&#8221;5\/6&#8243;][vc_tta_accordion active_section=&#8221;0&#8243; collapsible_all=&#8221;true&#8221; title=&#8221;VGN subscribers&#8221;][vc_tta_section title=&#8221;Linking via N\u00fcrnbergMOBIL app&#8221; tab_id=&#8221;nuernbergmobil&#8221;][vc_column_text css=&#8221;&#8221;]<\/p>\n<ol>\n<li>Register in the N\u00fcrnbergMOBIL app.<\/li>\n<li>Click on the menu item &#8220;VAG_Rad&#8221; and select &#8220;Abo\/Firma verkn\u00fcpfen&#8221; -&gt; &#8220;Abo&#8221;<\/li>\n<li>Now select your contract partner and enter the required subscription data for verification.<\/li>\n<li>If the link is successful, the 600 free minutes per month will be displayed in the menu item &#8220;VAG_Rad&#8221; and credited to your account.<\/li>\n<\/ol>\n<p>[\/vc_column_text][\/vc_tta_section][\/vc_tta_accordion][\/vc_column][\/vc_row][vc_row ppi_row_padding=&#8221;ppi_remove_padding_top&#8221;][vc_column width=&#8221;1\/6&#8243; offset=&#8221;vc_hidden-sm vc_hidden-xs&#8221;][vc_single_image image=&#8221;161&#8243; img_size=&#8221;100px&#8221; alignment=&#8221;center&#8221;][\/vc_column][vc_column width=&#8221;5\/6&#8243;][vc_tta_accordion active_section=&#8221;0&#8243; collapsible_all=&#8221;true&#8221; title=&#8221;Deutschlandticket&#8221;][vc_tta_section title=&#8221;Purchase via N\u00fcrnbergMOBIL app&#8221; tab_id=&#8221;dt1&#8243;][vc_column_text css=&#8221;&#8221;]<\/p>\n<ol>\n<li>Register in the N\u00fcrnbergMOBIL app.<\/li>\n<li>Buy the Deutschlandticket in the app.<\/li>\n<li>Select the menu item &#8220;VAG_Rad&#8221;: Your 600 free minutes per month are automatically displayed and credited to your account.<\/li>\n<\/ol>\n<p>[\/vc_column_text][\/vc_tta_section][vc_tta_section title=&#8221;Purchase via meinabo.vag.de&#8221; tab_id=&#8221;meinabo&#8221;][vc_column_text css=&#8221;&#8221;]Display ticket in your <strong>N\u00fcrnbergMOBIL<\/strong> app:<\/p>\n<ol>\n<li>Register in the N\u00fcrnbergMOBIL app.<\/li>\n<li>Your Deutschlandticket and your free minutes are automatically displayed at the start of your subscription and the free minutes are credited for use.<\/li>\n<\/ol>\n<p>Display ticket in your <strong>VGN Fahrplan &amp; Tickets<\/strong> app:<\/p>\n<ol>\n<li>Register in the N\u00fcrnbergMOBIL app.<\/li>\n<li>Link your Deutschlandticket subscription by entering your 7-digit customer number under &#8220;Abo\/Firma verkn\u00fcpfen&#8221; -&gt; &#8220;Abo&#8221; in the menu item &#8220;VAG_Rad&#8221;.<\/li>\n<li>Select the menu item &#8220;VAG_Rad&#8221;: Your 600 free minutes per month are automatically displayed and credited to your account.<\/li>\n<\/ol>\n<p>[\/vc_column_text][\/vc_tta_section][\/vc_tta_accordion][\/vc_column][\/vc_row][vc_row ppi_row_padding=&#8221;ppi_remove_padding_top&#8221;][vc_column width=&#8221;1\/6&#8243; offset=&#8221;vc_hidden-sm vc_hidden-xs&#8221;][vc_single_image image=&#8221;174&#8243; img_size=&#8221;140px&#8221;][\/vc_column][vc_column width=&#8221;5\/6&#8243;][vc_tta_accordion active_section=&#8221;0&#8243; collapsible_all=&#8221;true&#8221; title=&#8221;Erm\u00e4\u00dfigungsticket &amp; Deutschlandticket N\u00fcrnbergPass&#8221;][vc_tta_section title=&#8221;Purchase via the N\u00fcrnbergMOBIL app or the VGN Fahrplan &amp; Tickets app&#8221; tab_id=&#8221;1710425686212-dafc36e6-da15&#8243;][vc_column_text css=&#8221;&#8221;]<\/p>\n<ol>\n<li>Register in the relevant app.<\/li>\n<li>Select the ticket of your choice to purchase.<\/li>\n<li>Now you will be redirected to meinabo.vag.de to order the subscription.<\/li>\n<li>Select the N\u00fcrnbergMOBIL app (ticket and free minutes in one app) or the app VGN Fahrplan &amp; Tickets as the output medium.<\/li>\n<li>To get the 600 free minutes, follow the instruction in the second or third column.<\/li>\n<\/ol>\n<p>[\/vc_column_text][\/vc_tta_section][vc_tta_section title=&#8221;Purchase via meinabo.vag.de&#8221; tab_id=&#8221;meinabo2ae31-007e&#8221;][vc_column_text css=&#8221;&#8221;]Display ticket in your <strong>N\u00fcrnbergMOBIL<\/strong> app:<\/p>\n<ol>\n<li>Register in the N\u00fcrnbergMOBIL app.<\/li>\n<li>Your Erm\u00e4\u00dfigungsticket\/Deutschlandticket N\u00fcrnbergPass and your free minutes are automatically displayed at the start of your subscription and the free minutes are credited for use.<\/li>\n<\/ol>\n<p>Display ticket in your <strong>VGN Fahrplan &amp; Tickets<\/strong> app:<\/p>\n<ol>\n<li>Register in the N\u00fcrnbergMOBIL app.<\/li>\n<li>Link your Erm\u00e4\u00dfigungsticket\/Deutschlandticket N\u00fcrnbergPass by entering your customer number under &#8220;Abo\/Firma verkn\u00fcpfen&#8221; in the menu item &#8220;VAG_Rad&#8221;.<\/li>\n<li>Select the menu item &#8220;VAG_Rad&#8221;: Your 600 free minutes per month are automatically displayed and credited to your account.<\/li>\n<\/ol>\n<p>[\/vc_column_text][\/vc_tta_section][\/vc_tta_accordion][\/vc_column][\/vc_row]<\/p>\n<\/div>","protected":false},"excerpt":{"rendered":"<p>[vc_row ppi_row_padding=&#8221;ppi_remove_padding_bottom&#8221;][vc_column][vc_column_text css=&#8221;&#8221;] Free minutes Link your subscription to your VAG_Rad account and get 600 free minutes per month (free minutes plus per-use fee). Additionally, you receive 15 free minutes\u00a0per month for Voi e&#8211;scooter (free minutes plus per-use fee). [\/vc_column_text][\/vc_column][\/vc_row][vc_row][vc_column width=&#8221;1\/6&#8243; offset=&#8221;vc_hidden-sm vc_hidden-xs&#8221;][vc_single_image image=&#8221;165&#8243; img_size=&#8221;100px&#8221; alignment=&#8221;center&#8221;][\/vc_column][vc_column width=&#8221;5\/6&#8243;][vc_tta_accordion active_section=&#8221;0&#8243; collapsible_all=&#8221;true&#8221; title=&#8221;VGN subscribers&#8221;][vc_tta_section title=&#8221;Linking via N\u00fcrnbergMOBIL app&#8221; [&hellip;]<\/p>\n","protected":false},"author":13,"featured_media":0,"parent":0,"menu_order":0,"comment_status":"closed","ping_status":"closed","template":"page-bubble.php","meta":{"_acf_changed":false,"inline_featured_image":false,"footnotes":""},"class_list":["post-180","page","type-page","status-publish","hentry"],"acf":[],"yoast_head":"<!-- This site is optimized with the Yoast SEO plugin v27.2 - https:\/\/yoast.com\/product\/yoast-seo-wordpress\/ -->\n<title>Free minutes - VAG_Rad N\u00fcrnberg<\/title>\n<meta name=\"description\" content=\"Local public transport subscribers enjoy 600 free minutes per month. Link your account now.\" \/>\n<meta name=\"robots\" content=\"index, follow, max-snippet:-1, max-image-preview:large, max-video-preview:-1\" \/>\n<link rel=\"canonical\" href=\"https:\/\/www.vagrad.de\/en\/freeminutes\/\" \/>\n<meta property=\"og:locale\" content=\"en_US\" \/>\n<meta property=\"og:type\" content=\"article\" \/>\n<meta property=\"og:title\" content=\"Free minutes - VAG_Rad N\u00fcrnberg\" \/>\n<meta property=\"og:description\" content=\"Local public transport subscribers enjoy 600 free minutes per month. Link your account now.\" \/>\n<meta property=\"og:url\" content=\"https:\/\/www.vagrad.de\/en\/freeminutes\/\" \/>\n<meta property=\"og:site_name\" content=\"VAG_Rad N\u00fcrnberg\" \/>\n<meta property=\"article:modified_time\" content=\"2026-03-10T10:43:50+00:00\" \/>\n<meta name=\"twitter:card\" content=\"summary_large_image\" \/>\n<meta name=\"twitter:label1\" content=\"Est. reading time\" \/>\n\t<meta name=\"twitter:data1\" content=\"3 minutes\" \/>\n<script type=\"application\/ld+json\" class=\"yoast-schema-graph\">{\"@context\":\"https:\/\/schema.org\",\"@graph\":[{\"@type\":\"WebPage\",\"@id\":\"https:\/\/www.vagrad.de\/en\/freeminutes\/\",\"url\":\"https:\/\/www.vagrad.de\/en\/freeminutes\/\",\"name\":\"Free minutes - VAG_Rad N\u00fcrnberg\",\"isPartOf\":{\"@id\":\"https:\/\/www.vagrad.de\/en\/#website\"},\"datePublished\":\"2024-02-22T10:33:24+00:00\",\"dateModified\":\"2026-03-10T10:43:50+00:00\",\"description\":\"Local public transport subscribers enjoy 600 free minutes per month. Link your account now.\",\"breadcrumb\":{\"@id\":\"https:\/\/www.vagrad.de\/en\/freeminutes\/#breadcrumb\"},\"inLanguage\":\"en-US\",\"potentialAction\":[{\"@type\":\"ReadAction\",\"target\":[\"https:\/\/www.vagrad.de\/en\/freeminutes\/\"]}]},{\"@type\":\"BreadcrumbList\",\"@id\":\"https:\/\/www.vagrad.de\/en\/freeminutes\/#breadcrumb\",\"itemListElement\":[{\"@type\":\"ListItem\",\"position\":1,\"name\":\"Startseite\",\"item\":\"https:\/\/www.vagrad.de\/en\/\"},{\"@type\":\"ListItem\",\"position\":2,\"name\":\"Free minutes\"}]},{\"@type\":\"WebSite\",\"@id\":\"https:\/\/www.vagrad.de\/en\/#website\",\"url\":\"https:\/\/www.vagrad.de\/en\/\",\"name\":\"VAG_Rad N\u00fcrnberg\",\"description\":\"App downloaden und VAG_Rad fahren!\",\"potentialAction\":[{\"@type\":\"SearchAction\",\"target\":{\"@type\":\"EntryPoint\",\"urlTemplate\":\"https:\/\/www.vagrad.de\/en\/?s={search_term_string}\"},\"query-input\":{\"@type\":\"PropertyValueSpecification\",\"valueRequired\":true,\"valueName\":\"search_term_string\"}}],\"inLanguage\":\"en-US\"}]}<\/script>\n<!-- \/ Yoast SEO plugin. -->","yoast_head_json":{"title":"Free minutes - VAG_Rad N\u00fcrnberg","description":"Local public transport subscribers enjoy 600 free minutes per month. Link your account now.","robots":{"index":"index","follow":"follow","max-snippet":"max-snippet:-1","max-image-preview":"max-image-preview:large","max-video-preview":"max-video-preview:-1"},"canonical":"https:\/\/www.vagrad.de\/en\/freeminutes\/","og_locale":"en_US","og_type":"article","og_title":"Free minutes - VAG_Rad N\u00fcrnberg","og_description":"Local public transport subscribers enjoy 600 free minutes per month. Link your account now.","og_url":"https:\/\/www.vagrad.de\/en\/freeminutes\/","og_site_name":"VAG_Rad N\u00fcrnberg","article_modified_time":"2026-03-10T10:43:50+00:00","twitter_card":"summary_large_image","twitter_misc":{"Est. reading time":"3 minutes"},"schema":{"@context":"https:\/\/schema.org","@graph":[{"@type":"WebPage","@id":"https:\/\/www.vagrad.de\/en\/freeminutes\/","url":"https:\/\/www.vagrad.de\/en\/freeminutes\/","name":"Free minutes - VAG_Rad N\u00fcrnberg","isPartOf":{"@id":"https:\/\/www.vagrad.de\/en\/#website"},"datePublished":"2024-02-22T10:33:24+00:00","dateModified":"2026-03-10T10:43:50+00:00","description":"Local public transport subscribers enjoy 600 free minutes per month. Link your account now.","breadcrumb":{"@id":"https:\/\/www.vagrad.de\/en\/freeminutes\/#breadcrumb"},"inLanguage":"en-US","potentialAction":[{"@type":"ReadAction","target":["https:\/\/www.vagrad.de\/en\/freeminutes\/"]}]},{"@type":"BreadcrumbList","@id":"https:\/\/www.vagrad.de\/en\/freeminutes\/#breadcrumb","itemListElement":[{"@type":"ListItem","position":1,"name":"Startseite","item":"https:\/\/www.vagrad.de\/en\/"},{"@type":"ListItem","position":2,"name":"Free minutes"}]},{"@type":"WebSite","@id":"https:\/\/www.vagrad.de\/en\/#website","url":"https:\/\/www.vagrad.de\/en\/","name":"VAG_Rad N\u00fcrnberg","description":"App downloaden und VAG_Rad fahren!","potentialAction":[{"@type":"SearchAction","target":{"@type":"EntryPoint","urlTemplate":"https:\/\/www.vagrad.de\/en\/?s={search_term_string}"},"query-input":{"@type":"PropertyValueSpecification","valueRequired":true,"valueName":"search_term_string"}}],"inLanguage":"en-US"}]}},"_links":{"self":[{"href":"https:\/\/www.vagrad.de\/en\/wp-json\/wp\/v2\/pages\/180","targetHints":{"allow":["GET"]}}],"collection":[{"href":"https:\/\/www.vagrad.de\/en\/wp-json\/wp\/v2\/pages"}],"about":[{"href":"https:\/\/www.vagrad.de\/en\/wp-json\/wp\/v2\/types\/page"}],"author":[{"embeddable":true,"href":"https:\/\/www.vagrad.de\/en\/wp-json\/wp\/v2\/users\/13"}],"replies":[{"embeddable":true,"href":"https:\/\/www.vagrad.de\/en\/wp-json\/wp\/v2\/comments?post=180"}],"version-history":[{"count":11,"href":"https:\/\/www.vagrad.de\/en\/wp-json\/wp\/v2\/pages\/180\/revisions"}],"predecessor-version":[{"id":1014,"href":"https:\/\/www.vagrad.de\/en\/wp-json\/wp\/v2\/pages\/180\/revisions\/1014"}],"wp:attachment":[{"href":"https:\/\/www.vagrad.de\/en\/wp-json\/wp\/v2\/media?parent=180"}],"curies":[{"name":"wp","href":"https:\/\/api.w.org\/{rel}","templated":true}]}}