{"id":8,"date":"2022-08-11T12:13:47","date_gmt":"2022-08-11T10:13:47","guid":{"rendered":"https:\/\/nextbike-live.pluspol-networks.de\/offenburg\/?page_id=8"},"modified":"2022-08-11T12:13:47","modified_gmt":"2022-08-11T10:13:47","slug":"impressum","status":"publish","type":"page","link":"https:\/\/www.vagrad.de\/de\/impressum\/","title":{"rendered":"Impressum"},"content":{"rendered":"<div class=\"wpb-content-wrapper\"><p>[vc_row][vc_column][vc_column_text]<h1>Impressum<\/h1>\n<p>Angaben gem\u00e4\u00df \u00a7 5 DDG<\/p>\n<h2>VAG Verkehrs-Aktiengesellschaft<\/h2>\n<p>Postanschrift: 90338 N\u00fcrnberg<br \/>\nHausanschrift: S\u00fcdliche F\u00fcrther Stra\u00dfe 5, 90429 N\u00fcrnberg<br \/>\nTelefon: 0911 283-4646<br \/>\nE-Mail: rad@vag.de<br \/>\nInternet: www.vagrad.de<\/p>\n<p>Aufsichtsratsvorsitzender: Christian Vogel, B\u00fcrgermeister<\/p>\n<p>Vorstand: Tim Dahlmann-Resing (Sprecher), Magdalena Weigel<\/p>\n<p>Sitz der Gesellschaft: N\u00fcrnberg<\/p>\n<p>Eintragung im Handelsregister<br \/>\nRegistergericht: Amtsgericht N\u00fcrnberg<br \/>\nRegisternummer: HRB 1072<br \/>\nSteuernummer: 241 \/117\/70111<br \/>\nUmsatz-Identifikationsnummer gem\u00e4\u00df \u00a727 a Umsatzsteuergesetz: ID-Nr. DE 811186556<br \/>\nVerantwortlich f\u00fcr journalistisch-redaktionelle Inhalte nach \u00a7 18 MStV: Hermann Klodner,\u00a090338 N\u00fcrnberg<\/p>\n<p><strong>Redaktionell verantwortlich:<\/strong><br \/>\nDie Inhalte auf dieser Website stellt in unserem Auftrag unser Dienstleister f\u00fcr VAG_Rad, die Firma nextbike, ein.<\/p>\n<p><strong>Rechtliche Hinweise:<\/strong><br \/>\nHaftung f\u00fcr Inhalte<\/p>\n<p>Die VAG N\u00fcrnberg pr\u00fcft und aktualisiert die Informationen auf dieser Website st\u00e4ndig. Trotz aller Sorgfalt k\u00f6nnen sich Daten inzwischen ver\u00e4ndert haben. Eine Haftung oder Garantie f\u00fcr die Aktualit\u00e4t, Richtigkeit und Vollst\u00e4ndigkeit der zur Verf\u00fcgung stehenden Informationen wird daher nicht \u00fcbernommen.<\/p>\n<p>Als Diensteanbieter ist die VAG N\u00fcrnberg gem\u00e4\u00df \u00a7 7 Abs. 1 DDG in Verbindung mit Artikel 8 der EU-Verordnung 2022\/2065 f\u00fcr eigene Inhalte auf diesen Seiten nach den allgemeinen Gesetzen verantwortlich, ist jedoch nicht verpflichtet, \u00fcbermittelte oder gespeicherte fremde Informationen zu \u00fcberwachen oder nach Umst\u00e4nden zu forschen, die auf eine rechtswidrige T\u00e4tigkeit hinweisen. Verpflichtungen zur Entfernung oder Sperrung der Nutzung von Informationen nach den allgemeinen Gesetzen bleiben hiervon unber\u00fchrt. Eine diesbez\u00fcgliche Haftung ist jedoch erst ab dem Zeitpunkt der Kenntnis einer konkreten Rechtsverletzung m\u00f6glich. Bei Bekanntwerden von entsprechenden Rechtsverletzungen wird die VAG N\u00fcrnberg diese Inhalte umgehend entfernen.<\/p>\n<p>Haftung f\u00fcr Links<\/p>\n<p>Das Angebot der VAG N\u00fcrnberg enth\u00e4lt Links zu externen Webseiten Dritter, auf deren Inhalte die VAG N\u00fcrnberg keinen Einfluss hat. Deshalb kann die VAG N\u00fcrnberg f\u00fcr diese fremden Inhalte auch keine Gew\u00e4hr \u00fcbernehmen. F\u00fcr Inhalte der verlinkten Seiten ist stets der jeweilige Anbieter oder Betreiber der Seiten verantwortlich. Die verlinkten Seiten wurden zum Zeitpunkt der Verlinkung auf m\u00f6gliche Rechtsverst\u00f6\u00dfe \u00fcberpr\u00fcft. Rechtswidrige Inhalte waren zum Zeitpunkt der Verlinkung nicht erkennbar. Eine permanente inhaltliche Kontrolle der verlinkten Seiten ist jedoch ohne konkrete Anhaltspunkte der Rechtsverletzung nicht zumutbar. Bei Bekanntwerden von Rechtsverletzungen wird die VAG N\u00fcrnberg derartige Links umgehend entfernen.<\/p>\n<p>Urheberrecht<\/p>\n<p>Die VAG N\u00fcrnberg beh\u00e4lt sich das Recht vor, ohne vorherige Ank\u00fcndigung \u00c4nderungen oder Erg\u00e4nzungen der bereitgestellten Informationen vorzunehmen. Inhalt und Struktur dieser Website sind urheberrechtlich gesch\u00fctzt.<\/p>\n<p>Benutzer der Website der VAG Verkehrs-Aktiengesellschaft sind berechtigt, die auf diesen Sites verf\u00fcgbaren Dokumente, Grafiken, etc. (&#8222;Informationen&#8220;) zu verwenden, zu kopieren und ohne \u00c4nderungen weiterzuverarbeiten, wenn der Urheberrechtsvermerk von VAG Verkehrs-Aktiengesellschaft auf jeder Information enthalten ist und die Verwendung der Information ausschlie\u00dflich informativen Zwecken der Benutzer dient und der Inhalt der Informationen ausschlie\u00dflich zu nicht kommerziellen Zwecken verwendet wird, keine der verf\u00fcgbaren Informationen ver\u00e4ndert wird und keine auf den Websites verf\u00fcgbare Grafik unabh\u00e4ngig vom vollst\u00e4ndigen begleitenden Text verwendet, kopiert oder weiterverarbeitet wird.<\/p>\n<p>Die Vervielf\u00e4ltigung von Informationen oder Daten, insbesondere die Verwendung von Texten, Textteilen oder Bildmaterial bedarf der vorherigen Zustimmung der VAG N\u00fcrnberg Aktiengesellschaft.<\/p>\n<p>Quellenangaben f\u00fcr verwendete Bilder und Grafiken:<\/p>\n<p>Status der Website<br \/>\nCopyright \u00a9 2024 VAG N\u00fcrnberg. All rights reserved.<br \/>\nStand: Mai 2024<\/p>\n<p>Online-Streitbeilegung gem\u00e4\u00df Art. 14 Abs. 1 ODR-VO: Die Europ\u00e4ische Kommission stellt eine Plattform zur Online-Streitbeilegung (OS) bereit. Diese finden Sie unter\u00a0<a href=\"http:\/\/ec.europa.eu\/consumers\/odr\/\" target=\"_blank\" rel=\"noreferrer noopener\" aria-label=\"opens in new window\">http:\/\/ec.europa.eu\/consumers\/odr\/<\/a>.<\/p>\n[\/vc_column_text][\/vc_column][\/vc_row]<\/p>\n<\/div>","protected":false},"excerpt":{"rendered":"<p>[vc_row][vc_column][vc_column_text][\/vc_column_text][\/vc_column][\/vc_row]<\/p>\n","protected":false},"author":5,"featured_media":0,"parent":0,"menu_order":0,"comment_status":"closed","ping_status":"closed","template":"","meta":{"_acf_changed":false,"inline_featured_image":false,"footnotes":""},"class_list":["post-8","page","type-page","status-publish","hentry"],"acf":[],"yoast_head":"<!-- This site is optimized with the Yoast SEO plugin v27.2 - https:\/\/yoast.com\/product\/yoast-seo-wordpress\/ -->\n<title>Impressum - VAG_Rad N\u00fcrnberg<\/title>\n<meta name=\"robots\" content=\"index, follow, max-snippet:-1, max-image-preview:large, max-video-preview:-1\" \/>\n<link rel=\"canonical\" href=\"https:\/\/www.vagrad.de\/de\/impressum\/\" \/>\n<meta property=\"og:locale\" content=\"de_DE\" \/>\n<meta property=\"og:type\" content=\"article\" \/>\n<meta property=\"og:title\" content=\"Impressum - VAG_Rad N\u00fcrnberg\" \/>\n<meta property=\"og:description\" content=\"[vc_row][vc_column][vc_column_text][\/vc_column_text][\/vc_column][\/vc_row]\" \/>\n<meta property=\"og:url\" content=\"https:\/\/www.vagrad.de\/de\/impressum\/\" \/>\n<meta property=\"og:site_name\" content=\"VAG_Rad N\u00fcrnberg\" \/>\n<meta name=\"twitter:card\" content=\"summary_large_image\" \/>\n<meta name=\"twitter:label1\" content=\"Gesch\u00e4tzte Lesezeit\" \/>\n\t<meta name=\"twitter:data1\" content=\"1\u00a0Minute\" \/>\n<script type=\"application\/ld+json\" class=\"yoast-schema-graph\">{\"@context\":\"https:\/\/schema.org\",\"@graph\":[{\"@type\":\"WebPage\",\"@id\":\"https:\/\/www.vagrad.de\/de\/impressum\/\",\"url\":\"https:\/\/www.vagrad.de\/de\/impressum\/\",\"name\":\"Impressum - VAG_Rad N\u00fcrnberg\",\"isPartOf\":{\"@id\":\"https:\/\/www.vagrad.de\/de\/#website\"},\"datePublished\":\"2022-08-11T10:13:47+00:00\",\"breadcrumb\":{\"@id\":\"https:\/\/www.vagrad.de\/de\/impressum\/#breadcrumb\"},\"inLanguage\":\"de\",\"potentialAction\":[{\"@type\":\"ReadAction\",\"target\":[\"https:\/\/www.vagrad.de\/de\/impressum\/\"]}]},{\"@type\":\"BreadcrumbList\",\"@id\":\"https:\/\/www.vagrad.de\/de\/impressum\/#breadcrumb\",\"itemListElement\":[{\"@type\":\"ListItem\",\"position\":1,\"name\":\"Startseite\",\"item\":\"https:\/\/www.vagrad.de\/de\/\"},{\"@type\":\"ListItem\",\"position\":2,\"name\":\"Impressum\"}]},{\"@type\":\"WebSite\",\"@id\":\"https:\/\/www.vagrad.de\/de\/#website\",\"url\":\"https:\/\/www.vagrad.de\/de\/\",\"name\":\"VAG_Rad N\u00fcrnberg\",\"description\":\"N\u00fcrnbergMOBIL-App downloaden und VAG_Rad fahren!\",\"potentialAction\":[{\"@type\":\"SearchAction\",\"target\":{\"@type\":\"EntryPoint\",\"urlTemplate\":\"https:\/\/www.vagrad.de\/de\/?s={search_term_string}\"},\"query-input\":{\"@type\":\"PropertyValueSpecification\",\"valueRequired\":true,\"valueName\":\"search_term_string\"}}],\"inLanguage\":\"de\"}]}<\/script>\n<!-- \/ Yoast SEO plugin. -->","yoast_head_json":{"title":"Impressum - VAG_Rad N\u00fcrnberg","robots":{"index":"index","follow":"follow","max-snippet":"max-snippet:-1","max-image-preview":"max-image-preview:large","max-video-preview":"max-video-preview:-1"},"canonical":"https:\/\/www.vagrad.de\/de\/impressum\/","og_locale":"de_DE","og_type":"article","og_title":"Impressum - VAG_Rad N\u00fcrnberg","og_description":"[vc_row][vc_column][vc_column_text][\/vc_column_text][\/vc_column][\/vc_row]","og_url":"https:\/\/www.vagrad.de\/de\/impressum\/","og_site_name":"VAG_Rad N\u00fcrnberg","twitter_card":"summary_large_image","twitter_misc":{"Gesch\u00e4tzte Lesezeit":"1\u00a0Minute"},"schema":{"@context":"https:\/\/schema.org","@graph":[{"@type":"WebPage","@id":"https:\/\/www.vagrad.de\/de\/impressum\/","url":"https:\/\/www.vagrad.de\/de\/impressum\/","name":"Impressum - VAG_Rad N\u00fcrnberg","isPartOf":{"@id":"https:\/\/www.vagrad.de\/de\/#website"},"datePublished":"2022-08-11T10:13:47+00:00","breadcrumb":{"@id":"https:\/\/www.vagrad.de\/de\/impressum\/#breadcrumb"},"inLanguage":"de","potentialAction":[{"@type":"ReadAction","target":["https:\/\/www.vagrad.de\/de\/impressum\/"]}]},{"@type":"BreadcrumbList","@id":"https:\/\/www.vagrad.de\/de\/impressum\/#breadcrumb","itemListElement":[{"@type":"ListItem","position":1,"name":"Startseite","item":"https:\/\/www.vagrad.de\/de\/"},{"@type":"ListItem","position":2,"name":"Impressum"}]},{"@type":"WebSite","@id":"https:\/\/www.vagrad.de\/de\/#website","url":"https:\/\/www.vagrad.de\/de\/","name":"VAG_Rad N\u00fcrnberg","description":"N\u00fcrnbergMOBIL-App downloaden und VAG_Rad fahren!","potentialAction":[{"@type":"SearchAction","target":{"@type":"EntryPoint","urlTemplate":"https:\/\/www.vagrad.de\/de\/?s={search_term_string}"},"query-input":{"@type":"PropertyValueSpecification","valueRequired":true,"valueName":"search_term_string"}}],"inLanguage":"de"}]}},"_links":{"self":[{"href":"https:\/\/www.vagrad.de\/de\/wp-json\/wp\/v2\/pages\/8","targetHints":{"allow":["GET"]}}],"collection":[{"href":"https:\/\/www.vagrad.de\/de\/wp-json\/wp\/v2\/pages"}],"about":[{"href":"https:\/\/www.vagrad.de\/de\/wp-json\/wp\/v2\/types\/page"}],"author":[{"embeddable":true,"href":"https:\/\/www.vagrad.de\/de\/wp-json\/wp\/v2\/users\/5"}],"replies":[{"embeddable":true,"href":"https:\/\/www.vagrad.de\/de\/wp-json\/wp\/v2\/comments?post=8"}],"version-history":[{"count":1,"href":"https:\/\/www.vagrad.de\/de\/wp-json\/wp\/v2\/pages\/8\/revisions"}],"predecessor-version":[{"id":9,"href":"https:\/\/www.vagrad.de\/de\/wp-json\/wp\/v2\/pages\/8\/revisions\/9"}],"wp:attachment":[{"href":"https:\/\/www.vagrad.de\/de\/wp-json\/wp\/v2\/media?parent=8"}],"curies":[{"name":"wp","href":"https:\/\/api.w.org\/{rel}","templated":true}]}}