{"id":629,"date":"2025-01-23T14:06:41","date_gmt":"2025-01-23T13:06:41","guid":{"rendered":"https:\/\/www.vagrad.de\/?page_id=629"},"modified":"2025-03-14T12:00:11","modified_gmt":"2025-03-14T11:00:11","slug":"angebot-fuer-firmenkunden","status":"publish","type":"page","link":"https:\/\/www.vagrad.de\/de\/angebot-fuer-firmenkunden\/","title":{"rendered":"Firmenkunden"},"content":{"rendered":"<div class=\"wpb-content-wrapper\"><p>[vc_row][vc_column width=&#8220;1\/2&#8243;][vc_column_text css=&#8220;&#8220;]<\/p>\n<h1>Die VAG_Rad-Stationen f\u00fcr Unternehmen<\/h1>\n<p>Mitarbeitende flexibel und nachhaltig mobil halten![\/vc_column_text][vc_column_text css=&#8220;&#8220;]<strong><a style=\"padding: 8px 16px;background-color: #b80012;color: white;border-radius: 20px\" href=\"mailto:vag_rad@vag.de?subject=Interesse%20an%20einer%20VAG_Rad-Firmenstation\">Kontakt aufnehmen<\/a><\/strong>[\/vc_column_text][\/vc_column][vc_column width=&#8220;1\/2&#8243;][vc_single_image image=&#8220;732&#8243; img_size=&#8220;large&#8220; css=&#8220;&#8220;][\/vc_column][\/vc_row][vc_row ppi_row_padding=&#8220;ppi_remove_padding_bottom&#8220;][vc_column][vc_column_text css=&#8220;&#8220;]<\/p>\n<h2>Ein Gewinn f\u00fcr Arbeitgeber und Mitarbeitende<\/h2>\n<p>[\/vc_column_text][\/vc_column][\/vc_row][vc_row ppi_row_padding=&#8220;ppi_remove_padding_top&#8220;][vc_column width=&#8220;1\/2&#8243;][vc_column_text css=&#8220;&#8220;]Das VAG_Rad ist die optimale L\u00f6sung f\u00fcr die ber\u00fchmte \u201eletzte Meile\u201c vom \u00d6PNV zum Arbeitsplatz, k\u00fcrzere Pendelstrecken oder kleinere Dienstfahrten. <strong>Mit einer firmeneigenen Ausleihstation k\u00f6nnen Ihre Mitarbeitenden direkt vor Ort ihr VAG_Rad ausleihen oder abstellen.<\/strong><\/p>\n<p>Die <strong>Einrichtung Ihrer Ausleihstation<\/strong> ist in <strong>N\u00fcrnberg<\/strong>, <strong>F\u00fcrth<\/strong>, <strong>Erlangen <\/strong>und<strong> Schwabach<\/strong> m\u00f6glich. Wenn eine sinnvolle \u00d6PNV-Erschlie\u00dfung gegeben ist, kommen <strong>auch weitere Orte<\/strong> entlang der St\u00e4dteachse infrage. Insgesamt bietet VAG_Rad Unternehmen <strong>drei unterschiedliche Stationstypen<\/strong> an. Diese k\u00f6nnen auf einem \u00f6ffentlich zug\u00e4nglichen Teil Ihres Firmengel\u00e4ndes entstehen. Auch auf benachbartem \u00f6ffentlichen Grund ist eine Station m\u00f6glich \u2013 den Antrag daf\u00fcr \u00fcbernehmen wir f\u00fcr Sie![\/vc_column_text][vc_single_image image=&#8220;748&#8243; alignment=&#8220;center&#8220; css=&#8220;&#8220;][\/vc_column][vc_column width=&#8220;1\/2&#8243;][vc_column_text css=&#8220;&#8220;]<strong><span style=\"color: #b80012\">Vorteile f\u00fcr Unternehmen<\/span><\/strong><\/p>\n<ul>\n<li>Bessere Erreichbarkeit mit \u00f6ffentlichen Verkehrsmitteln<\/li>\n<li>Unterstreichung eines nachhaltigen Firmenimages &amp; Engagement f\u00fcr umweltfreundliche Mobilit\u00e4t<\/li>\n<li>Verst\u00e4rkte Bindung der Mitarbeitenden<\/li>\n<li>Vorteilhafte Wahrnehmung in der \u00d6ffentlichkeit<\/li>\n<li>Positiver Effekt auf Employer Branding &amp; Personalmarketing<\/li>\n<li>Beitrag zum betrieblichen Gesundheitsmanagements<\/li>\n<li>Umweltschonende und preiswerte Dienstfahrten<\/li>\n<\/ul>\n<p>[\/vc_column_text][vc_column_text css=&#8220;&#8220;]<strong><span style=\"color: #b80012\">Vorteile f\u00fcr Mitarbeitende<\/span><\/strong><\/p>\n<ul>\n<li>Gro\u00dfe Flexibilit\u00e4t durch Mobilit\u00e4tsalternativen<\/li>\n<li>Hohe Verf\u00fcgbarkeit von Leihr\u00e4dern in Arbeitsplatzn\u00e4he<\/li>\n<li>Ideale Alternative oder Erg\u00e4nzung f\u00fcr Pendelstrecke<\/li>\n<li>T\u00fcr-zu-T\u00fcr-Komfort innerhalb der Flexzonen<\/li>\n<li>Unabh\u00e4ngigkeit von Fahrpl\u00e4nen und Haltestellen<\/li>\n<li>Vorteile f\u00fcr Fitness und Gesundheit \u2013 VAG_Rad statt Auto<\/li>\n<li>Direkte Abstellm\u00f6glichkeit vor Ort<\/li>\n<\/ul>\n<p>[\/vc_column_text][\/vc_column][\/vc_row][vc_row][vc_column][vc_raw_html css=&#8220;&#8220;]JTNDc2VjdGlvbiUyMGNsYXNzJTNEJTIyZC10aWNrZXQtc2VjdGlvbiUyMiUyMHN0eWxlJTNEJTIyYm9yZGVyJTNBJTIwMnB4JTIwc29saWQlMjAlMjNmOWU1ZTclM0IlMjBwYWRkaW5nJTNBJTIwMXJlbSUyMDEuNXJlbSUzQiUyMGJvcmRlci1yYWRpdXMlM0ElMjAxMHB4JTNCJTIwZGlzcGxheSUzQSUyMGZsZXglM0IlMjBqdXN0aWZ5LWNvbnRlbnQlM0ElMjBzcGFjZS1iZXR3ZWVuJTNCJTIwYWxpZ24taXRlbXMlM0ElMjBjZW50ZXIlM0IlMjB3aWR0aCUzQSUyMDEwMCUyNSUzQiUyMGJveC1zaXppbmclM0ElMjBib3JkZXItYm94JTNCJTIwZmxleC13cmFwJTNBJTIwd3JhcCUzQiUyMiUzRSUwQSUyMCUyMCUzQyUyMS0tJTIwQmlsZGJlcmVpY2glM0ElMjBELVRpY2tldCUyMExvZ28lMjAtLSUzRSUwQSUyMCUyMCUzQ2RpdiUyMGNsYXNzJTNEJTIyZC10aWNrZXQtbG9nbyUyMiUyMHN0eWxlJTNEJTIyZmxleCUzQSUyMDAlMjAwJTIwMTgwcHglM0IlMjBtYXgtd2lkdGglM0ElMjAxODBweCUzQiUyMGRpc3BsYXklM0ElMjBmbGV4JTNCJTIwYWxpZ24taXRlbXMlM0ElMjBjZW50ZXIlM0IlMjIlM0UlMEElMjAlMjAlMjAlMjAlM0NpbWclMjBzcmMlM0QlMjJodHRwcyUzQSUyRiUyRnd3dy52YWdyYWQuZGUlMkZ3cC1jb250ZW50JTJGdXBsb2FkcyUyRnNpdGVzJTJGMjUlMkYyMDI1JTJGMDIlMkZTY3JlZW5zaG90LTIwMjUtMDItMTEtMTQwNjAxLnBuZyUyMiUyMGFsdCUzRCUyMkQtVGlja2V0JTIwSm9iJTIwTG9nbyUyMiUyMHN0eWxlJTNEJTIyd2lkdGglM0ElMjAxMDAlMjUlM0IlMjBoZWlnaHQlM0ElMjBhdXRvJTNCJTIyJTNFJTBBJTIwJTIwJTNDJTJGZGl2JTNFJTBBJTBBJTIwJTIwJTNDJTIxLS0lMjBUZXh0YmVyZWljaCUyMC0tJTNFJTBBJTIwJTIwJTNDZGl2JTIwY2xhc3MlM0QlMjJkLXRpY2tldC1jb250ZW50JTIyJTIwc3R5bGUlM0QlMjJmbGV4JTNBJTIwMiUzQiUyMG1hcmdpbi1sZWZ0JTNBJTIwMXJlbSUzQiUyMiUzRSUwQSUyMCUyMCUyMCUyMCUzQ2gyJTIwc3R5bGUlM0QlMjJmb250LXNpemUlM0ElMjAxLjZyZW0lM0IlMjBjb2xvciUzQSUyMGJsYWNrJTNCJTIwbWFyZ2luLWJvdHRvbSUzQSUyMDAuNXJlbSUzQiUyMiUzRUtlbm5lbiUyMFNpZSUyMHNjaG9uJTIwZGFzJTIwRGV1dHNjaGxhbmR0aWNrZXQlMjBKb2IlM0YlM0MlMkZoMiUzRSUwQSUyMCUyMCUyMCUyMCUzQ3AlMjBzdHlsZSUzRCUyMm1hcmdpbiUzQSUyMDAuNXJlbSUyMDAlM0IlMjIlM0UlMEElMjAlMjAlMjAlMjAlMjAlMjBNaXQlMjBkZW0lMjBEZXV0c2NobGFuZHRpY2tldCUyMEpvYiUyMHNwYXJlbiUyMElocmUlMjBNaXRhcmJlaXRlbmRlbiUyMGJlaSUyMHVucyUyMCUzQ3N0cm9uZyUzRW1pbmRlc3RlbnMlMjAzMCUyMFByb3plbnQlM0MlMkZzdHJvbmclM0UlMjB1bmQlMjBzaWNoZXJuJTIwc2ljaCUyMGdsZWljaHplaXRpZyUyMCUzQ3N0cm9uZyUzRTYwMCUyMEZyZWltaW51dGVuJTNDJTJGc3Ryb25nJTNFJTIwZiVDMyVCQ3IlMjBkYXMlMjBWQUdfUmFkLiUyMFJlZ2lzdHJpZXJlbiUyMFNpZSUyMElociUyMFVudGVybmVobWVuJTIwamV0enQlMjElMEElMjAlMjAlMjAlMjAlM0MlMkZwJTNFJTBBJTBBJTIwJTIwJTIwJTIwJTNDJTIxLS0lMjBDYWxsLXRvLUFjdGlvbi1CdXR0b24lMjAtLSUzRSUwQSUyMCUyMCUyMCUyMCUzQ2ElMjBocmVmJTNEJTIyaHR0cHMlM0ElMkYlMkZ3d3cudmFnLmRlJTJGdGlja2V0cy1hYm8lMkZtZWhyLXp1LWRlbi1hYm9ubmVtZW50cyUyRmRldXRzY2hsYW5kdGlja2V0LWpvYiUyMiUyMHRhcmdldCUzRCUyMl9ibGFuayUyMiUyMHJlbCUzRCUyMm5vb3BlbmVyJTIwbm9yZWZlcnJlciUyMiUyMHN0eWxlJTNEJTIyZGlzcGxheSUzQSUyMGlubGluZS1ibG9jayUzQiUyMHBhZGRpbmclM0ElMjA4cHglMjAxNnB4JTNCJTIwYmFja2dyb3VuZC1jb2xvciUzQSUyMCUyM2I4MDAxMiUzQiUyMGNvbG9yJTNBJTIwd2hpdGUlM0IlMjBib3JkZXItcmFkaXVzJTNBJTIwMjBweCUzQiUyMHRleHQtZGVjb3JhdGlvbiUzQSUyMG5vbmUlM0IlMjBmb250LXdlaWdodCUzQSUyMGJvbGQlM0IlMjIlM0UlMEElMjAlMjAlMjAlMjAlMjAlMjBXZWl0ZXJlJTIwSW5mb3JtYXRpb25lbiUwQSUyMCUyMCUyMCUyMCUzQyUyRmElM0UlMEElMjAlMjAlM0MlMkZkaXYlM0UlMEElM0MlMkZzZWN0aW9uJTNFJTBBJTBBJTNDc3R5bGUlM0UlMEElMjAlMjAlNDBtZWRpYSUyMCUyOG1heC13aWR0aCUzQSUyMDc2OHB4JTI5JTIwJTdCJTBBJTIwJTIwJTIwJTIwLmQtdGlja2V0LXNlY3Rpb24lMjAlN0IlMEElMjAlMjAlMjAlMjAlMjAlMjBmbGV4LWRpcmVjdGlvbiUzQSUyMGNvbHVtbiUzQiUwQSUyMCUyMCUyMCUyMCUyMCUyMHRleHQtYWxpZ24lM0ElMjBjZW50ZXIlM0IlMEElMjAlMjAlMjAlMjAlMjAlMjBhbGlnbi1pdGVtcyUzQSUyMGNlbnRlciUzQiUwQSUyMCUyMCUyMCUyMCU3RCUwQSUwQSUyMCUyMCUyMCUyMC5kLXRpY2tldC1sb2dvJTIwJTdCJTBBJTIwJTIwJTIwJTIwJTIwJTIwbWF4LXdpZHRoJTNBJTIwMTAwJTI1JTNCJTBBJTIwJTIwJTIwJTIwJTIwJTIwZmxleCUzQSUyMG5vbmUlM0IlMEElMjAlMjAlMjAlMjAlMjAlMjBtYXJnaW4tYm90dG9tJTNBJTIwMXJlbSUzQiUwQSUyMCUyMCUyMCUyMCU3RCUwQSUwQSUyMCUyMCUyMCUyMC5kLXRpY2tldC1jb250ZW50JTIwJTdCJTBBJTIwJTIwJTIwJTIwJTIwJTIwbWFyZ2luLWxlZnQlM0ElMjAwJTNCJTBBJTIwJTIwJTIwJTIwJTIwJTIwbWF4LXdpZHRoJTNBJTIwMTAwJTI1JTNCJTBBJTIwJTIwJTIwJTIwJTdEJTBBJTBBJTIwJTIwJTIwJTIwLmQtdGlja2V0LWNvbnRlbnQlMjBoMiUyMCU3QiUwQSUyMCUyMCUyMCUyMCUyMCUyMGZvbnQtc2l6ZSUzQSUyMDEuNHJlbSUzQiUwQSUyMCUyMCUyMCUyMCU3RCUwQSUwQSUyMCUyMCUyMCUyMC5kLXRpY2tldC1jb250ZW50JTIwcCUyMCU3QiUwQSUyMCUyMCUyMCUyMCUyMCUyMGZvbnQtc2l6ZSUzQSUyMDFyZW0lM0IlMEElMjAlMjAlMjAlMjAlN0QlMEElMEElMjAlMjAlMjAlMjAuZC10aWNrZXQtY29udGVudCUyMGElMjAlN0IlMEElMjAlMjAlMjAlMjAlMjAlMjBkaXNwbGF5JTNBJTIwYmxvY2slM0IlMEElMjAlMjAlMjAlMjAlMjAlMjB3aWR0aCUzQSUyMGZpdC1jb250ZW50JTNCJTBBJTIwJTIwJTIwJTIwJTIwJTIwbWFyZ2luJTNBJTIwMCUyMGF1dG8lM0IlMEElMjAlMjAlMjAlMjAlMjAlMjBwYWRkaW5nJTNBJTIwMTBweCUyMDIwcHglM0IlMEElMjAlMjAlMjAlMjAlN0QlMEElMjAlMjAlN0QlMEElM0MlMkZzdHlsZSUzRSUwQQ==[\/vc_raw_html][\/vc_column][\/vc_row][vc_row][vc_column][vc_column_text css=&#8220;.vc_custom_1741950004691{padding-bottom: 0px !important;}&#8220;]<\/p>\n<h2>Unsere Stationen f\u00fcr Unternehmen<\/h2>\n<p>Hier finden Sie die Merkmale, Vorteile &amp; Preise der einzelnen Stationstypen in einer kompakten \u00dcbersicht (g\u00fcltig ab 01.03.2025).[\/vc_column_text][vc_single_image image=&#8220;762&#8243; img_size=&#8220;2000&#215;1409&#8243; css=&#8220;&#8220;][\/vc_column][\/vc_row][vc_row][vc_column width=&#8220;1\/2&#8243; css=&#8220;.vc_custom_1737643375560{background-image: url(https:\/\/www.vagrad.de\/wp-content\/uploads\/sites\/25\/2024\/03\/bubble-APP.svg?id=307) !important;background-position: center !important;background-repeat: no-repeat !important;background-size: contain !important;}&#8220;][vc_single_image image=&#8220;682&#8243; img_size=&#8220;large&#8220; css=&#8220;&#8220;][\/vc_column][vc_column width=&#8220;1\/2&#8243;][vc_column_text css=&#8220;&#8220;]<\/p>\n<h3>Virtuelle VAG_Rad-Station<\/h3>\n<p>Ihr Unternehmen liegt au\u00dferhalb der Flexzone? Es gibt keine \u00f6ffentliche Ausleihstation in unmittelbarer N\u00e4he? Unsere virtuelle Abstellfl\u00e4che wird ohne baulichen Aufwand rein digital bei Ihnen eingerichtet. So k\u00f6nnen Ihre Mitarbeitenden rund um die Uhr ein VAG_Rad abstellen oder ausleihen.[\/vc_column_text][\/vc_column][\/vc_row][vc_row ppi_row_padding=&#8220;ppi_remove_padding_top&#8220; rtl_reverse=&#8220;yes&#8220;][vc_column width=&#8220;1\/2&#8243; offset=&#8220;vc_hidden-xs&#8220;][vc_column_text css=&#8220;&#8220;]<\/p>\n<h3>Basis VAG_Rad-Station<\/h3>\n<p>Durch das markante und aus dem Stadtbild bekannte Hinweisschild werden Ihre Mitarbeitenden ganz automatisch auf Ihr neues Angebot aufmerksam. So werden auch diejenigen angesprochen, die VAG_Rad noch nicht nutzen. Auf dem Hinweisschild kann optional Ihr Unternehmenslogo erg\u00e4nzt werden. Unser Serviceteam k\u00fcmmert sich au\u00dferdem um Reinigung, Pflege und Reparatur der Station.[\/vc_column_text][\/vc_column][vc_column width=&#8220;1\/2&#8243; css=&#8220;.vc_custom_1737643712538{background-image: url(https:\/\/www.vagrad.de\/wp-content\/uploads\/sites\/25\/2024\/03\/bubble-MAP.svg?id=309) !important;background-position: center !important;background-repeat: no-repeat !important;background-size: contain !important;}&#8220; offset=&#8220;vc_hidden-xs&#8220;][vc_single_image image=&#8220;684&#8243; img_size=&#8220;large&#8220; css=&#8220;&#8220;][\/vc_column][\/vc_row][vc_row ppi_row_padding=&#8220;ppi_remove_padding_top&#8220; rtl_reverse=&#8220;yes&#8220;][vc_column width=&#8220;1\/2&#8243; offset=&#8220;vc_hidden-lg vc_hidden-md vc_hidden-sm&#8220; css=&#8220;.vc_custom_1737643706789{background-image: url(https:\/\/www.vagrad.de\/wp-content\/uploads\/sites\/25\/2024\/03\/bubble-MAP.svg?id=309) !important;background-position: center !important;background-repeat: no-repeat !important;background-size: contain !important;}&#8220;][vc_single_image image=&#8220;684&#8243; img_size=&#8220;large&#8220; css=&#8220;&#8220;][\/vc_column][vc_column width=&#8220;1\/2&#8243; css=&#8220;.vc_custom_1737643694740{background-position: center !important;background-repeat: no-repeat !important;background-size: contain !important;}&#8220; offset=&#8220;vc_hidden-lg vc_hidden-md vc_hidden-sm&#8220;][vc_column_text css=&#8220;&#8220;]<\/p>\n<h3>Basis VAG_Rad-Station<\/h3>\n<p>Durch das markante und aus dem Stadtbild bekannte Hinweisschild werden Ihre Mitarbeitenden ganz automatisch auf Ihr neues Angebot aufmerksam. So werden auch diejenigen angesprochen, die VAG_Rad noch nicht nutzen. Auf dem Hinweisschild kann optional Ihr Unternehmenslogo erg\u00e4nzt werden. Unser Serviceteam k\u00fcmmert sich au\u00dferdem um Reinigung, Pflege und Reparatur der Station.[\/vc_column_text][\/vc_column][\/vc_row][vc_row ppi_row_padding=&#8220;ppi_remove_padding_top&#8220;][vc_column width=&#8220;1\/2&#8243; css=&#8220;.vc_custom_1736951675531{background-image: url(https:\/\/www.vagrad.de\/wp-content\/uploads\/sites\/25\/2024\/03\/bubble-SCAN.svg?id=271) !important;background-position: center !important;background-repeat: no-repeat !important;background-size: contain !important;}&#8220;][vc_single_image image=&#8220;690&#8243; img_size=&#8220;large&#8220; css=&#8220;&#8220;][\/vc_column][vc_column width=&#8220;1\/2&#8243;][vc_column_text css=&#8220;&#8220;]<\/p>\n<h3>Premium VAG_Rad-Station<\/h3>\n<p>Neben dem Hinweisschild, optional mit Ihrem Unternehmenslogo, verleiht der markante Fahrradst\u00e4nder dieser Station maximale Sicherheit und Sichtbarkeit im Stadtbild sowie ein aufger\u00e4umtes Erscheinungsbild. In der Karte der App ist zudem auch Ihr Firmenlogo zu sehen*. Gleichzeitig bietet dieser Stationstyp ein Optimum an Abstellsicherheit. Im Rahmen der Verf\u00fcgbarkeits-Garantie werden fehlende R\u00e4der zudem innerhalb von 48 h erg\u00e4nzt. Wird es vor Ort zu voll, wird der Bestand innerhalb dieser Frist reduziert.<\/p>\n<p style=\"font-size: 12px\">*diese Funktion befindet sich gegenw\u00e4rtig noch in der Entwicklung und wird Teil eines kommenden Updates der N\u00fcrnbergMOBIL-App sein.<\/p>\n<p>[\/vc_column_text][\/vc_column][\/vc_row][vc_row ppi_row_padding=&#8220;ppi_remove_padding_bottom&#8220;][vc_column][vc_column_text css=&#8220;&#8220;]<\/p>\n<h2>Sie haben Interesse?<\/h2>\n<p>[\/vc_column_text][\/vc_column][\/vc_row][vc_row ppi_row_padding=&#8220;ppi_remove_padding_top&#8220;][vc_column width=&#8220;1\/2&#8243;][vc_column_text css=&#8220;&#8220;]Wenn Sie noch mehr Informationen ben\u00f6tigen oder gleich einen Vor-Ort-Termin mit uns vereinbaren m\u00f6chten, nehmen Sie gerne per E-Mail mit uns Kontakt auf.[\/vc_column_text][vc_column_text css=&#8220;&#8220;]<strong><a style=\"padding: 8px 16px;background-color: #b80012;color: white;border-radius: 20px\" href=\"mailto:vag_rad@vag.de?subject=Interesse%20an%20einer%20VAG_Rad-Firmenstation\">Kontakt aufnehmen<\/a><\/strong>[\/vc_column_text][\/vc_column][vc_column width=&#8220;1\/2&#8243;][vc_column_text css=&#8220;&#8220;]<strong>Wie funktioniert VAG_Rad?<\/strong><\/p>\n<p>Alle Informationen zu unserem Ausleihsystem finden Sie hier:[\/vc_column_text][vc_column_text css=&#8220;&#8220; el_class=&#8220;mockups__item__link&#8220;]<strong><a style=\"color: black\" href=\"https:\/\/www.vagrad.de\/de\/\">So geht\u00b4 s<\/a><\/strong>[\/vc_column_text][\/vc_column][\/vc_row]<\/p>\n<\/div>","protected":false},"excerpt":{"rendered":"<p>[vc_row][vc_column width=&#8220;1\/2&#8243;][vc_column_text css=&#8220;&#8220;] Die VAG_Rad-Stationen f\u00fcr Unternehmen Mitarbeitende flexibel und nachhaltig mobil halten![\/vc_column_text][vc_column_text css=&#8220;&#8220;]Kontakt aufnehmen[\/vc_column_text][\/vc_column][vc_column width=&#8220;1\/2&#8243;][vc_single_image image=&#8220;732&#8243; img_size=&#8220;large&#8220; css=&#8220;&#8220;][\/vc_column][\/vc_row][vc_row ppi_row_padding=&#8220;ppi_remove_padding_bottom&#8220;][vc_column][vc_column_text css=&#8220;&#8220;] Ein Gewinn f\u00fcr Arbeitgeber und Mitarbeitende [\/vc_column_text][\/vc_column][\/vc_row][vc_row ppi_row_padding=&#8220;ppi_remove_padding_top&#8220;][vc_column width=&#8220;1\/2&#8243;][vc_column_text css=&#8220;&#8220;]Das VAG_Rad ist die optimale L\u00f6sung f\u00fcr die ber\u00fchmte \u201eletzte Meile\u201c vom \u00d6PNV zum Arbeitsplatz, k\u00fcrzere Pendelstrecken oder kleinere Dienstfahrten. Mit einer firmeneigenen Ausleihstation k\u00f6nnen [&hellip;]<\/p>\n","protected":false},"author":46,"featured_media":0,"parent":0,"menu_order":0,"comment_status":"closed","ping_status":"closed","template":"","meta":{"_acf_changed":false,"inline_featured_image":false,"footnotes":""},"class_list":["post-629","page","type-page","status-publish","hentry"],"acf":[],"yoast_head":"<!-- This site is optimized with the Yoast SEO plugin v27.2 - https:\/\/yoast.com\/product\/yoast-seo-wordpress\/ -->\n<title>Firmenkunden - VAG_Rad N\u00fcrnberg<\/title>\n<meta name=\"description\" content=\"Unternehmen k\u00f6nnen ihren Mitarbeitenden ab sofort eine eigene VAG_Rad-Ausleihstation zur Verf\u00fcgung stellen.\" \/>\n<meta name=\"robots\" content=\"index, follow, max-snippet:-1, max-image-preview:large, max-video-preview:-1\" \/>\n<link rel=\"canonical\" href=\"https:\/\/www.vagrad.de\/de\/angebot-fuer-firmenkunden\/\" \/>\n<meta property=\"og:locale\" content=\"de_DE\" \/>\n<meta property=\"og:type\" content=\"article\" \/>\n<meta property=\"og:title\" content=\"Firmenkunden - VAG_Rad N\u00fcrnberg\" \/>\n<meta property=\"og:description\" content=\"Unternehmen k\u00f6nnen ihren Mitarbeitenden ab sofort eine eigene VAG_Rad-Ausleihstation zur Verf\u00fcgung stellen.\" \/>\n<meta property=\"og:url\" content=\"https:\/\/www.vagrad.de\/de\/angebot-fuer-firmenkunden\/\" \/>\n<meta property=\"og:site_name\" content=\"VAG_Rad N\u00fcrnberg\" \/>\n<meta property=\"article:modified_time\" content=\"2025-03-14T11:00:11+00:00\" \/>\n<meta name=\"twitter:card\" content=\"summary_large_image\" \/>\n<meta name=\"twitter:label1\" content=\"Gesch\u00e4tzte Lesezeit\" \/>\n\t<meta name=\"twitter:data1\" content=\"4\u00a0Minuten\" \/>\n<script type=\"application\/ld+json\" class=\"yoast-schema-graph\">{\"@context\":\"https:\/\/schema.org\",\"@graph\":[{\"@type\":\"WebPage\",\"@id\":\"https:\/\/www.vagrad.de\/de\/angebot-fuer-firmenkunden\/\",\"url\":\"https:\/\/www.vagrad.de\/de\/angebot-fuer-firmenkunden\/\",\"name\":\"Firmenkunden - VAG_Rad N\u00fcrnberg\",\"isPartOf\":{\"@id\":\"https:\/\/www.vagrad.de\/de\/#website\"},\"datePublished\":\"2025-01-23T13:06:41+00:00\",\"dateModified\":\"2025-03-14T11:00:11+00:00\",\"description\":\"Unternehmen k\u00f6nnen ihren Mitarbeitenden ab sofort eine eigene VAG_Rad-Ausleihstation zur Verf\u00fcgung stellen.\",\"breadcrumb\":{\"@id\":\"https:\/\/www.vagrad.de\/de\/angebot-fuer-firmenkunden\/#breadcrumb\"},\"inLanguage\":\"de\",\"potentialAction\":[{\"@type\":\"ReadAction\",\"target\":[\"https:\/\/www.vagrad.de\/de\/angebot-fuer-firmenkunden\/\"]}]},{\"@type\":\"BreadcrumbList\",\"@id\":\"https:\/\/www.vagrad.de\/de\/angebot-fuer-firmenkunden\/#breadcrumb\",\"itemListElement\":[{\"@type\":\"ListItem\",\"position\":1,\"name\":\"Startseite\",\"item\":\"https:\/\/www.vagrad.de\/de\/\"},{\"@type\":\"ListItem\",\"position\":2,\"name\":\"Firmenkunden\"}]},{\"@type\":\"WebSite\",\"@id\":\"https:\/\/www.vagrad.de\/de\/#website\",\"url\":\"https:\/\/www.vagrad.de\/de\/\",\"name\":\"VAG_Rad N\u00fcrnberg\",\"description\":\"N\u00fcrnbergMOBIL-App downloaden und VAG_Rad fahren!\",\"potentialAction\":[{\"@type\":\"SearchAction\",\"target\":{\"@type\":\"EntryPoint\",\"urlTemplate\":\"https:\/\/www.vagrad.de\/de\/?s={search_term_string}\"},\"query-input\":{\"@type\":\"PropertyValueSpecification\",\"valueRequired\":true,\"valueName\":\"search_term_string\"}}],\"inLanguage\":\"de\"}]}<\/script>\n<!-- \/ Yoast SEO plugin. -->","yoast_head_json":{"title":"Firmenkunden - VAG_Rad N\u00fcrnberg","description":"Unternehmen k\u00f6nnen ihren Mitarbeitenden ab sofort eine eigene VAG_Rad-Ausleihstation zur Verf\u00fcgung stellen.","robots":{"index":"index","follow":"follow","max-snippet":"max-snippet:-1","max-image-preview":"max-image-preview:large","max-video-preview":"max-video-preview:-1"},"canonical":"https:\/\/www.vagrad.de\/de\/angebot-fuer-firmenkunden\/","og_locale":"de_DE","og_type":"article","og_title":"Firmenkunden - VAG_Rad N\u00fcrnberg","og_description":"Unternehmen k\u00f6nnen ihren Mitarbeitenden ab sofort eine eigene VAG_Rad-Ausleihstation zur Verf\u00fcgung stellen.","og_url":"https:\/\/www.vagrad.de\/de\/angebot-fuer-firmenkunden\/","og_site_name":"VAG_Rad N\u00fcrnberg","article_modified_time":"2025-03-14T11:00:11+00:00","twitter_card":"summary_large_image","twitter_misc":{"Gesch\u00e4tzte Lesezeit":"4\u00a0Minuten"},"schema":{"@context":"https:\/\/schema.org","@graph":[{"@type":"WebPage","@id":"https:\/\/www.vagrad.de\/de\/angebot-fuer-firmenkunden\/","url":"https:\/\/www.vagrad.de\/de\/angebot-fuer-firmenkunden\/","name":"Firmenkunden - VAG_Rad N\u00fcrnberg","isPartOf":{"@id":"https:\/\/www.vagrad.de\/de\/#website"},"datePublished":"2025-01-23T13:06:41+00:00","dateModified":"2025-03-14T11:00:11+00:00","description":"Unternehmen k\u00f6nnen ihren Mitarbeitenden ab sofort eine eigene VAG_Rad-Ausleihstation zur Verf\u00fcgung stellen.","breadcrumb":{"@id":"https:\/\/www.vagrad.de\/de\/angebot-fuer-firmenkunden\/#breadcrumb"},"inLanguage":"de","potentialAction":[{"@type":"ReadAction","target":["https:\/\/www.vagrad.de\/de\/angebot-fuer-firmenkunden\/"]}]},{"@type":"BreadcrumbList","@id":"https:\/\/www.vagrad.de\/de\/angebot-fuer-firmenkunden\/#breadcrumb","itemListElement":[{"@type":"ListItem","position":1,"name":"Startseite","item":"https:\/\/www.vagrad.de\/de\/"},{"@type":"ListItem","position":2,"name":"Firmenkunden"}]},{"@type":"WebSite","@id":"https:\/\/www.vagrad.de\/de\/#website","url":"https:\/\/www.vagrad.de\/de\/","name":"VAG_Rad N\u00fcrnberg","description":"N\u00fcrnbergMOBIL-App downloaden und VAG_Rad fahren!","potentialAction":[{"@type":"SearchAction","target":{"@type":"EntryPoint","urlTemplate":"https:\/\/www.vagrad.de\/de\/?s={search_term_string}"},"query-input":{"@type":"PropertyValueSpecification","valueRequired":true,"valueName":"search_term_string"}}],"inLanguage":"de"}]}},"_links":{"self":[{"href":"https:\/\/www.vagrad.de\/de\/wp-json\/wp\/v2\/pages\/629","targetHints":{"allow":["GET"]}}],"collection":[{"href":"https:\/\/www.vagrad.de\/de\/wp-json\/wp\/v2\/pages"}],"about":[{"href":"https:\/\/www.vagrad.de\/de\/wp-json\/wp\/v2\/types\/page"}],"author":[{"embeddable":true,"href":"https:\/\/www.vagrad.de\/de\/wp-json\/wp\/v2\/users\/46"}],"replies":[{"embeddable":true,"href":"https:\/\/www.vagrad.de\/de\/wp-json\/wp\/v2\/comments?post=629"}],"version-history":[{"count":117,"href":"https:\/\/www.vagrad.de\/de\/wp-json\/wp\/v2\/pages\/629\/revisions"}],"predecessor-version":[{"id":790,"href":"https:\/\/www.vagrad.de\/de\/wp-json\/wp\/v2\/pages\/629\/revisions\/790"}],"wp:attachment":[{"href":"https:\/\/www.vagrad.de\/de\/wp-json\/wp\/v2\/media?parent=629"}],"curies":[{"name":"wp","href":"https:\/\/api.w.org\/{rel}","templated":true}]}}