{"id":377,"date":"2024-05-16T10:33:50","date_gmt":"2024-05-16T08:33:50","guid":{"rendered":"https:\/\/nextbike-live.pluspol-networks.de\/vagrad\/?page_id=377"},"modified":"2025-02-04T18:17:52","modified_gmt":"2025-02-04T17:17:52","slug":"nuernberg-entdecken","status":"publish","type":"page","link":"https:\/\/www.vagrad.de\/de\/nuernberg-entdecken\/","title":{"rendered":"N\u00fcrnberg entdecken"},"content":{"rendered":"<div class=\"wpb-content-wrapper\"><p>[vc_row][vc_column][vc_column_text css=&#8220;&#8220;]<\/p>\n<h1 style=\"text-align: center\">N\u00fcrnberg entdecken<\/h1>\n<p>[\/vc_column_text][vc_raw_html css=&#8220;&#8220;]JTNDaWZyYW1lJTIwc3JjJTNEJTIyaHR0cHMlM0ElMkYlMkZ3d3cua29tb290LmNvbSUyRmRlLWRlJTJGdG91ciUyRjE2NDIyODI1NTUlMkZlbWJlZCUzRnNoYXJlX3Rva2VuJTNEYW4xQnI1b3M1bU1JVGNhRzMwRTV6N04wZ21ycnA3cEF0QlVZSVA3VGp2aEY3QnQ4STIlMjIlMjB3aWR0aCUzRCUyMjEwMCUyNSUyMiUyMGhlaWdodCUzRCUyMjYwMCUyMiUyMGZyYW1lYm9yZGVyJTNEJTIyMCUyMiUyMHNjcm9sbGluZyUzRCUyMm5vJTIyJTNFJTNDJTJGaWZyYW1lJTNF[\/vc_raw_html][vc_column_text css=&#8220;&#8220;]<\/p>\n<div class=\" container component\">\n<div class=\"row\">\n<div class=\"col-xs-12 html-content\">\n<p>Diese Sommer-Tour beginnt am Pl\u00e4rrer und f\u00fchrt durch die Stadt hinauf zum gr\u00f6\u00dften Park N\u00fcrnbergs, dem Volkspark Marienberg.\u00a0Du\u00a0radelst durch die weitl\u00e4ufige gr\u00fcne Landschaft und am Marienbergweiher vorbei, bevor\u00a0du wieder in st\u00e4dtisches Gebiet zur\u00fcckkehrst. Es geht nun wieder Richtung Zentrum und vorbei am \u201eHexenh\u00e4usla\u201c, einer Gaststube mit fr\u00e4nkischen Spezialit\u00e4ten und herrlichem Biergarten, welche zu einer Rast einl\u00e4dt.<\/p>\n<p>Gut gest\u00e4rkt radelst du nun hinab zum Fluss Pegnitz, welcher sich einmal durch die ganze Stadt schl\u00e4ngelt. Du f\u00e4hrst den sch\u00f6nen Pegnitzgrund entlang und genie\u00dft dabei das malerische Landschaftsschutzgebiet. In F\u00fcrth angekommen, drehst du wieder um und f\u00e4hrst an der Pegnitz entlang zur\u00fcck Richtung N\u00fcrnberg. Zum Ende hin kannst du den Schlayerturm und die Fronveste bestaunen, ehe du zum Startpunkt zur\u00fcckkehrst und die Tour endet.<\/p>\n<p>Viel Spa\u00df beim VAG_Radeln!<\/p>\n<\/div>\n<\/div>\n<\/div>\n<p>[\/vc_column_text][\/vc_column][\/vc_row]<\/p>\n<\/div>","protected":false},"excerpt":{"rendered":"<p>[vc_row][vc_column][vc_column_text css=&#8220;&#8220;] N\u00fcrnberg entdecken [\/vc_column_text][vc_raw_html css=&#8220;&#8220;]JTNDaWZyYW1lJTIwc3JjJTNEJTIyaHR0cHMlM0ElMkYlMkZ3d3cua29tb290LmNvbSUyRmRlLWRlJTJGdG91ciUyRjE2NDIyODI1NTUlMkZlbWJlZCUzRnNoYXJlX3Rva2VuJTNEYW4xQnI1b3M1bU1JVGNhRzMwRTV6N04wZ21ycnA3cEF0QlVZSVA3VGp2aEY3QnQ4STIlMjIlMjB3aWR0aCUzRCUyMjEwMCUyNSUyMiUyMGhlaWdodCUzRCUyMjYwMCUyMiUyMGZyYW1lYm9yZGVyJTNEJTIyMCUyMiUyMHNjcm9sbGluZyUzRCUyMm5vJTIyJTNFJTNDJTJGaWZyYW1lJTNF[\/vc_raw_html][vc_column_text css=&#8220;&#8220;] Diese Sommer-Tour beginnt am Pl\u00e4rrer und f\u00fchrt durch die Stadt hinauf zum gr\u00f6\u00dften Park N\u00fcrnbergs, dem Volkspark Marienberg.\u00a0Du\u00a0radelst durch die weitl\u00e4ufige gr\u00fcne Landschaft und am Marienbergweiher vorbei, bevor\u00a0du wieder in st\u00e4dtisches Gebiet zur\u00fcckkehrst. Es geht nun wieder Richtung Zentrum und vorbei am \u201eHexenh\u00e4usla\u201c, einer Gaststube mit fr\u00e4nkischen Spezialit\u00e4ten [&hellip;]<\/p>\n","protected":false},"author":13,"featured_media":0,"parent":0,"menu_order":0,"comment_status":"closed","ping_status":"closed","template":"page-bubble.php","meta":{"_acf_changed":false,"inline_featured_image":false,"footnotes":""},"class_list":["post-377","page","type-page","status-publish","hentry"],"acf":[],"yoast_head":"<!-- This site is optimized with the Yoast SEO plugin v27.2 - https:\/\/yoast.com\/product\/yoast-seo-wordpress\/ -->\n<title>N\u00fcrnberg entdecken - VAG_Rad N\u00fcrnberg<\/title>\n<meta name=\"description\" content=\"Diese Sommer-Tour beginnt am Pl\u00e4rrer und f\u00fchrt durch die Stadt hinauf zum gr\u00f6\u00dften Park N\u00fcrnbergs, dem Volkspark Marienberg.\u00a0\" \/>\n<meta name=\"robots\" content=\"index, follow, max-snippet:-1, max-image-preview:large, max-video-preview:-1\" \/>\n<link rel=\"canonical\" href=\"https:\/\/www.vagrad.de\/de\/nuernberg-entdecken\/\" \/>\n<meta property=\"og:locale\" content=\"de_DE\" \/>\n<meta property=\"og:type\" content=\"article\" \/>\n<meta property=\"og:title\" content=\"N\u00fcrnberg entdecken - VAG_Rad N\u00fcrnberg\" \/>\n<meta property=\"og:description\" content=\"Diese Sommer-Tour beginnt am Pl\u00e4rrer und f\u00fchrt durch die Stadt hinauf zum gr\u00f6\u00dften Park N\u00fcrnbergs, dem Volkspark Marienberg.\u00a0\" \/>\n<meta property=\"og:url\" content=\"https:\/\/www.vagrad.de\/de\/nuernberg-entdecken\/\" \/>\n<meta property=\"og:site_name\" content=\"VAG_Rad N\u00fcrnberg\" \/>\n<meta property=\"article:modified_time\" content=\"2025-02-04T17:17:52+00:00\" \/>\n<meta name=\"twitter:card\" content=\"summary_large_image\" \/>\n<meta name=\"twitter:label1\" content=\"Gesch\u00e4tzte Lesezeit\" \/>\n\t<meta name=\"twitter:data1\" content=\"1\u00a0Minute\" \/>\n<script type=\"application\/ld+json\" class=\"yoast-schema-graph\">{\"@context\":\"https:\/\/schema.org\",\"@graph\":[{\"@type\":\"WebPage\",\"@id\":\"https:\/\/www.vagrad.de\/de\/nuernberg-entdecken\/\",\"url\":\"https:\/\/www.vagrad.de\/de\/nuernberg-entdecken\/\",\"name\":\"N\u00fcrnberg entdecken - VAG_Rad N\u00fcrnberg\",\"isPartOf\":{\"@id\":\"https:\/\/www.vagrad.de\/de\/#website\"},\"datePublished\":\"2024-05-16T08:33:50+00:00\",\"dateModified\":\"2025-02-04T17:17:52+00:00\",\"description\":\"Diese Sommer-Tour beginnt am Pl\u00e4rrer und f\u00fchrt durch die Stadt hinauf zum gr\u00f6\u00dften Park N\u00fcrnbergs, dem Volkspark Marienberg.\u00a0\",\"breadcrumb\":{\"@id\":\"https:\/\/www.vagrad.de\/de\/nuernberg-entdecken\/#breadcrumb\"},\"inLanguage\":\"de\",\"potentialAction\":[{\"@type\":\"ReadAction\",\"target\":[\"https:\/\/www.vagrad.de\/de\/nuernberg-entdecken\/\"]}]},{\"@type\":\"BreadcrumbList\",\"@id\":\"https:\/\/www.vagrad.de\/de\/nuernberg-entdecken\/#breadcrumb\",\"itemListElement\":[{\"@type\":\"ListItem\",\"position\":1,\"name\":\"Startseite\",\"item\":\"https:\/\/www.vagrad.de\/de\/\"},{\"@type\":\"ListItem\",\"position\":2,\"name\":\"N\u00fcrnberg entdecken\"}]},{\"@type\":\"WebSite\",\"@id\":\"https:\/\/www.vagrad.de\/de\/#website\",\"url\":\"https:\/\/www.vagrad.de\/de\/\",\"name\":\"VAG_Rad N\u00fcrnberg\",\"description\":\"N\u00fcrnbergMOBIL-App downloaden und VAG_Rad fahren!\",\"potentialAction\":[{\"@type\":\"SearchAction\",\"target\":{\"@type\":\"EntryPoint\",\"urlTemplate\":\"https:\/\/www.vagrad.de\/de\/?s={search_term_string}\"},\"query-input\":{\"@type\":\"PropertyValueSpecification\",\"valueRequired\":true,\"valueName\":\"search_term_string\"}}],\"inLanguage\":\"de\"}]}<\/script>\n<!-- \/ Yoast SEO plugin. -->","yoast_head_json":{"title":"N\u00fcrnberg entdecken - VAG_Rad N\u00fcrnberg","description":"Diese Sommer-Tour beginnt am Pl\u00e4rrer und f\u00fchrt durch die Stadt hinauf zum gr\u00f6\u00dften Park N\u00fcrnbergs, dem Volkspark Marienberg.\u00a0","robots":{"index":"index","follow":"follow","max-snippet":"max-snippet:-1","max-image-preview":"max-image-preview:large","max-video-preview":"max-video-preview:-1"},"canonical":"https:\/\/www.vagrad.de\/de\/nuernberg-entdecken\/","og_locale":"de_DE","og_type":"article","og_title":"N\u00fcrnberg entdecken - VAG_Rad N\u00fcrnberg","og_description":"Diese Sommer-Tour beginnt am Pl\u00e4rrer und f\u00fchrt durch die Stadt hinauf zum gr\u00f6\u00dften Park N\u00fcrnbergs, dem Volkspark Marienberg.\u00a0","og_url":"https:\/\/www.vagrad.de\/de\/nuernberg-entdecken\/","og_site_name":"VAG_Rad N\u00fcrnberg","article_modified_time":"2025-02-04T17:17:52+00:00","twitter_card":"summary_large_image","twitter_misc":{"Gesch\u00e4tzte Lesezeit":"1\u00a0Minute"},"schema":{"@context":"https:\/\/schema.org","@graph":[{"@type":"WebPage","@id":"https:\/\/www.vagrad.de\/de\/nuernberg-entdecken\/","url":"https:\/\/www.vagrad.de\/de\/nuernberg-entdecken\/","name":"N\u00fcrnberg entdecken - VAG_Rad N\u00fcrnberg","isPartOf":{"@id":"https:\/\/www.vagrad.de\/de\/#website"},"datePublished":"2024-05-16T08:33:50+00:00","dateModified":"2025-02-04T17:17:52+00:00","description":"Diese Sommer-Tour beginnt am Pl\u00e4rrer und f\u00fchrt durch die Stadt hinauf zum gr\u00f6\u00dften Park N\u00fcrnbergs, dem Volkspark Marienberg.\u00a0","breadcrumb":{"@id":"https:\/\/www.vagrad.de\/de\/nuernberg-entdecken\/#breadcrumb"},"inLanguage":"de","potentialAction":[{"@type":"ReadAction","target":["https:\/\/www.vagrad.de\/de\/nuernberg-entdecken\/"]}]},{"@type":"BreadcrumbList","@id":"https:\/\/www.vagrad.de\/de\/nuernberg-entdecken\/#breadcrumb","itemListElement":[{"@type":"ListItem","position":1,"name":"Startseite","item":"https:\/\/www.vagrad.de\/de\/"},{"@type":"ListItem","position":2,"name":"N\u00fcrnberg entdecken"}]},{"@type":"WebSite","@id":"https:\/\/www.vagrad.de\/de\/#website","url":"https:\/\/www.vagrad.de\/de\/","name":"VAG_Rad N\u00fcrnberg","description":"N\u00fcrnbergMOBIL-App downloaden und VAG_Rad fahren!","potentialAction":[{"@type":"SearchAction","target":{"@type":"EntryPoint","urlTemplate":"https:\/\/www.vagrad.de\/de\/?s={search_term_string}"},"query-input":{"@type":"PropertyValueSpecification","valueRequired":true,"valueName":"search_term_string"}}],"inLanguage":"de"}]}},"_links":{"self":[{"href":"https:\/\/www.vagrad.de\/de\/wp-json\/wp\/v2\/pages\/377","targetHints":{"allow":["GET"]}}],"collection":[{"href":"https:\/\/www.vagrad.de\/de\/wp-json\/wp\/v2\/pages"}],"about":[{"href":"https:\/\/www.vagrad.de\/de\/wp-json\/wp\/v2\/types\/page"}],"author":[{"embeddable":true,"href":"https:\/\/www.vagrad.de\/de\/wp-json\/wp\/v2\/users\/13"}],"replies":[{"embeddable":true,"href":"https:\/\/www.vagrad.de\/de\/wp-json\/wp\/v2\/comments?post=377"}],"version-history":[{"count":10,"href":"https:\/\/www.vagrad.de\/de\/wp-json\/wp\/v2\/pages\/377\/revisions"}],"predecessor-version":[{"id":774,"href":"https:\/\/www.vagrad.de\/de\/wp-json\/wp\/v2\/pages\/377\/revisions\/774"}],"wp:attachment":[{"href":"https:\/\/www.vagrad.de\/de\/wp-json\/wp\/v2\/media?parent=377"}],"curies":[{"name":"wp","href":"https:\/\/api.w.org\/{rel}","templated":true}]}}