{"id":372,"date":"2024-05-16T10:28:16","date_gmt":"2024-05-16T08:28:16","guid":{"rendered":"https:\/\/nextbike-live.pluspol-networks.de\/vagrad\/?page_id=372"},"modified":"2024-12-09T10:20:35","modified_gmt":"2024-12-09T09:20:35","slug":"voll-flexibel","status":"publish","type":"page","link":"https:\/\/www.vagrad.de\/de\/voll-flexibel\/","title":{"rendered":"Voll FLEXibel"},"content":{"rendered":"<div class=\"wpb-content-wrapper\"><p>[vc_row][vc_column][vc_column_text css=&#8220;&#8220;]<\/p>\n<h1 style=\"text-align: center\">Voll FLEXibel<\/h1>\n<p>[\/vc_column_text][vc_raw_html css=&#8220;&#8220;]JTNDaWZyYW1lJTIwc3JjJTNEJTIyaHR0cHMlM0ElMkYlMkZ3d3cua29tb290LmNvbSUyRmRlLWRlJTJGdG91ciUyRjE5NzkxMDg2OTElMkZlbWJlZCUzRnNoYXJlX3Rva2VuJTNEYWtyY1NOQ2x0SGF1UGhwZGlhMHkwcU1wUHNiN2pHZEFvUWZHdG9kVkQ0VENNcTcxdXUlMjIlMjB3aWR0aCUzRCUyMjEwMCUyNSUyMiUyMGhlaWdodCUzRCUyMjYwMCUyMiUyMGZyYW1lYm9yZGVyJTNEJTIyMCUyMiUyMHNjcm9sbGluZyUzRCUyMm5vJTIyJTNFJTNDJTJGaWZyYW1lJTNF[\/vc_raw_html][vc_column_text css=&#8220;&#8220;]Die neue Flexzone in Langwasser hat uns zu dieser Tour inspiriert, die sehr viel Gr\u00fcn, aber auch ein paar kleine Steigungen zu bieten hat. Wer Durst bekommt, kehrt einfach in einen der Bierg\u00e4rten am Wegesrand ein.<\/p>\n<p>Zum Ausgangspunkt in Langwasser S\u00fcd bringt uns die U-Bahn-Linie U1. Von dort steuern wir direkt den Zollhaus-Biergarten an und fahren auf schattigen Wegen weiter durch den Wald. Nach zwei Unterquerungen der Autobahn sind wir schon beim n\u00e4chsten m\u00f6glichen Stopp am Biergarten Steinbr\u00fcchlein. Auf der rund 12 Kilometer langen Route k\u00f6nnte man glatt vergessen, dass man sich noch innerhalb der Stadtgrenzen befindet.<\/p>\n<p>Nach einem weiteren Stopp an der Schleuse 71, dem \u201eWei\u00dfen H\u00e4usla\u201c kommen wir zum Ludwig-Main-Donau-Kanal, dessen stilles Wasser inzwischen zum Biotop geworden ist. Der \u201eAlte Kanal\u201c ist Bayerns l\u00e4ngstes Denkmal und feierte 2021 den 175. Geburtstag. Mit seinen historischen Br\u00fccken und Schleusen strahlt er viel Ruhe aus und ist bei Wanderern und Radfahrern \u00fcberaus beliebt. Wer noch einmal eine St\u00e4rkung braucht, kann einen Abstecher zu \u201eUschis Treff\u201c am N\u00fcrnberger Hafen machen, bevor die Tour an der Endhaltestelle Gibitzenhof der Stra\u00dfenbahnlinie 4 oder an jeder anderen beliebigen Stelle innerhalb der Flexzone endet.<\/p>\n<p>Einen kleinen Ausschnitt der Tour zeigt dieses\u00a0<a href=\"https:\/\/youtube.com\/shorts\/lm-Rz9WCK4s\">Video<\/a>.[\/vc_column_text][\/vc_column][\/vc_row]<\/p>\n<\/div>","protected":false},"excerpt":{"rendered":"<p>[vc_row][vc_column][vc_column_text css=&#8220;&#8220;] Voll FLEXibel [\/vc_column_text][vc_raw_html css=&#8220;&#8220;]JTNDaWZyYW1lJTIwc3JjJTNEJTIyaHR0cHMlM0ElMkYlMkZ3d3cua29tb290LmNvbSUyRmRlLWRlJTJGdG91ciUyRjE5NzkxMDg2OTElMkZlbWJlZCUzRnNoYXJlX3Rva2VuJTNEYWtyY1NOQ2x0SGF1UGhwZGlhMHkwcU1wUHNiN2pHZEFvUWZHdG9kVkQ0VENNcTcxdXUlMjIlMjB3aWR0aCUzRCUyMjEwMCUyNSUyMiUyMGhlaWdodCUzRCUyMjYwMCUyMiUyMGZyYW1lYm9yZGVyJTNEJTIyMCUyMiUyMHNjcm9sbGluZyUzRCUyMm5vJTIyJTNFJTNDJTJGaWZyYW1lJTNF[\/vc_raw_html][vc_column_text css=&#8220;&#8220;]Die neue Flexzone in Langwasser hat uns zu dieser Tour inspiriert, die sehr viel Gr\u00fcn, aber auch ein paar kleine Steigungen zu bieten hat. Wer Durst bekommt, kehrt einfach in einen der Bierg\u00e4rten am Wegesrand ein. Zum Ausgangspunkt in Langwasser S\u00fcd bringt uns die U-Bahn-Linie U1. Von dort steuern [&hellip;]<\/p>\n","protected":false},"author":13,"featured_media":0,"parent":0,"menu_order":0,"comment_status":"closed","ping_status":"closed","template":"page-bubble.php","meta":{"_acf_changed":false,"inline_featured_image":false,"footnotes":""},"class_list":["post-372","page","type-page","status-publish","hentry"],"acf":[],"yoast_head":"<!-- This site is optimized with the Yoast SEO plugin v27.2 - https:\/\/yoast.com\/product\/yoast-seo-wordpress\/ -->\n<title>Voll FLEXibel - VAG_Rad N\u00fcrnberg<\/title>\n<meta name=\"description\" content=\"Die neue Flexzone in Langwasser hat uns zu dieser Tour inspiriert, die sehr viel Gr\u00fcn, aber auch ein paar kleine Steigungen zu bieten hat. Wer Durst bekommt, kehrt einfach in einen der Bierg\u00e4rten am Wegesrand ein.\" \/>\n<meta name=\"robots\" content=\"index, follow, max-snippet:-1, max-image-preview:large, max-video-preview:-1\" \/>\n<link rel=\"canonical\" href=\"https:\/\/www.vagrad.de\/de\/voll-flexibel\/\" \/>\n<meta property=\"og:locale\" content=\"de_DE\" \/>\n<meta property=\"og:type\" content=\"article\" \/>\n<meta property=\"og:title\" content=\"Voll FLEXibel - VAG_Rad N\u00fcrnberg\" \/>\n<meta property=\"og:description\" content=\"Die neue Flexzone in Langwasser hat uns zu dieser Tour inspiriert, die sehr viel Gr\u00fcn, aber auch ein paar kleine Steigungen zu bieten hat. Wer Durst bekommt, kehrt einfach in einen der Bierg\u00e4rten am Wegesrand ein.\" \/>\n<meta property=\"og:url\" content=\"https:\/\/www.vagrad.de\/de\/voll-flexibel\/\" \/>\n<meta property=\"og:site_name\" content=\"VAG_Rad N\u00fcrnberg\" \/>\n<meta property=\"article:modified_time\" content=\"2024-12-09T09:20:35+00:00\" \/>\n<meta name=\"twitter:card\" content=\"summary_large_image\" \/>\n<meta name=\"twitter:label1\" content=\"Gesch\u00e4tzte Lesezeit\" \/>\n\t<meta name=\"twitter:data1\" content=\"2\u00a0Minuten\" \/>\n<script type=\"application\/ld+json\" class=\"yoast-schema-graph\">{\"@context\":\"https:\/\/schema.org\",\"@graph\":[{\"@type\":\"WebPage\",\"@id\":\"https:\/\/www.vagrad.de\/de\/voll-flexibel\/\",\"url\":\"https:\/\/www.vagrad.de\/de\/voll-flexibel\/\",\"name\":\"Voll FLEXibel - VAG_Rad N\u00fcrnberg\",\"isPartOf\":{\"@id\":\"https:\/\/www.vagrad.de\/de\/#website\"},\"datePublished\":\"2024-05-16T08:28:16+00:00\",\"dateModified\":\"2024-12-09T09:20:35+00:00\",\"description\":\"Die neue Flexzone in Langwasser hat uns zu dieser Tour inspiriert, die sehr viel Gr\u00fcn, aber auch ein paar kleine Steigungen zu bieten hat. Wer Durst bekommt, kehrt einfach in einen der Bierg\u00e4rten am Wegesrand ein.\",\"breadcrumb\":{\"@id\":\"https:\/\/www.vagrad.de\/de\/voll-flexibel\/#breadcrumb\"},\"inLanguage\":\"de\",\"potentialAction\":[{\"@type\":\"ReadAction\",\"target\":[\"https:\/\/www.vagrad.de\/de\/voll-flexibel\/\"]}]},{\"@type\":\"BreadcrumbList\",\"@id\":\"https:\/\/www.vagrad.de\/de\/voll-flexibel\/#breadcrumb\",\"itemListElement\":[{\"@type\":\"ListItem\",\"position\":1,\"name\":\"Startseite\",\"item\":\"https:\/\/www.vagrad.de\/de\/\"},{\"@type\":\"ListItem\",\"position\":2,\"name\":\"Voll FLEXibel\"}]},{\"@type\":\"WebSite\",\"@id\":\"https:\/\/www.vagrad.de\/de\/#website\",\"url\":\"https:\/\/www.vagrad.de\/de\/\",\"name\":\"VAG_Rad N\u00fcrnberg\",\"description\":\"N\u00fcrnbergMOBIL-App downloaden und VAG_Rad fahren!\",\"potentialAction\":[{\"@type\":\"SearchAction\",\"target\":{\"@type\":\"EntryPoint\",\"urlTemplate\":\"https:\/\/www.vagrad.de\/de\/?s={search_term_string}\"},\"query-input\":{\"@type\":\"PropertyValueSpecification\",\"valueRequired\":true,\"valueName\":\"search_term_string\"}}],\"inLanguage\":\"de\"}]}<\/script>\n<!-- \/ Yoast SEO plugin. -->","yoast_head_json":{"title":"Voll FLEXibel - VAG_Rad N\u00fcrnberg","description":"Die neue Flexzone in Langwasser hat uns zu dieser Tour inspiriert, die sehr viel Gr\u00fcn, aber auch ein paar kleine Steigungen zu bieten hat. Wer Durst bekommt, kehrt einfach in einen der Bierg\u00e4rten am Wegesrand ein.","robots":{"index":"index","follow":"follow","max-snippet":"max-snippet:-1","max-image-preview":"max-image-preview:large","max-video-preview":"max-video-preview:-1"},"canonical":"https:\/\/www.vagrad.de\/de\/voll-flexibel\/","og_locale":"de_DE","og_type":"article","og_title":"Voll FLEXibel - VAG_Rad N\u00fcrnberg","og_description":"Die neue Flexzone in Langwasser hat uns zu dieser Tour inspiriert, die sehr viel Gr\u00fcn, aber auch ein paar kleine Steigungen zu bieten hat. Wer Durst bekommt, kehrt einfach in einen der Bierg\u00e4rten am Wegesrand ein.","og_url":"https:\/\/www.vagrad.de\/de\/voll-flexibel\/","og_site_name":"VAG_Rad N\u00fcrnberg","article_modified_time":"2024-12-09T09:20:35+00:00","twitter_card":"summary_large_image","twitter_misc":{"Gesch\u00e4tzte Lesezeit":"2\u00a0Minuten"},"schema":{"@context":"https:\/\/schema.org","@graph":[{"@type":"WebPage","@id":"https:\/\/www.vagrad.de\/de\/voll-flexibel\/","url":"https:\/\/www.vagrad.de\/de\/voll-flexibel\/","name":"Voll FLEXibel - VAG_Rad N\u00fcrnberg","isPartOf":{"@id":"https:\/\/www.vagrad.de\/de\/#website"},"datePublished":"2024-05-16T08:28:16+00:00","dateModified":"2024-12-09T09:20:35+00:00","description":"Die neue Flexzone in Langwasser hat uns zu dieser Tour inspiriert, die sehr viel Gr\u00fcn, aber auch ein paar kleine Steigungen zu bieten hat. Wer Durst bekommt, kehrt einfach in einen der Bierg\u00e4rten am Wegesrand ein.","breadcrumb":{"@id":"https:\/\/www.vagrad.de\/de\/voll-flexibel\/#breadcrumb"},"inLanguage":"de","potentialAction":[{"@type":"ReadAction","target":["https:\/\/www.vagrad.de\/de\/voll-flexibel\/"]}]},{"@type":"BreadcrumbList","@id":"https:\/\/www.vagrad.de\/de\/voll-flexibel\/#breadcrumb","itemListElement":[{"@type":"ListItem","position":1,"name":"Startseite","item":"https:\/\/www.vagrad.de\/de\/"},{"@type":"ListItem","position":2,"name":"Voll FLEXibel"}]},{"@type":"WebSite","@id":"https:\/\/www.vagrad.de\/de\/#website","url":"https:\/\/www.vagrad.de\/de\/","name":"VAG_Rad N\u00fcrnberg","description":"N\u00fcrnbergMOBIL-App downloaden und VAG_Rad fahren!","potentialAction":[{"@type":"SearchAction","target":{"@type":"EntryPoint","urlTemplate":"https:\/\/www.vagrad.de\/de\/?s={search_term_string}"},"query-input":{"@type":"PropertyValueSpecification","valueRequired":true,"valueName":"search_term_string"}}],"inLanguage":"de"}]}},"_links":{"self":[{"href":"https:\/\/www.vagrad.de\/de\/wp-json\/wp\/v2\/pages\/372","targetHints":{"allow":["GET"]}}],"collection":[{"href":"https:\/\/www.vagrad.de\/de\/wp-json\/wp\/v2\/pages"}],"about":[{"href":"https:\/\/www.vagrad.de\/de\/wp-json\/wp\/v2\/types\/page"}],"author":[{"embeddable":true,"href":"https:\/\/www.vagrad.de\/de\/wp-json\/wp\/v2\/users\/13"}],"replies":[{"embeddable":true,"href":"https:\/\/www.vagrad.de\/de\/wp-json\/wp\/v2\/comments?post=372"}],"version-history":[{"count":4,"href":"https:\/\/www.vagrad.de\/de\/wp-json\/wp\/v2\/pages\/372\/revisions"}],"predecessor-version":[{"id":612,"href":"https:\/\/www.vagrad.de\/de\/wp-json\/wp\/v2\/pages\/372\/revisions\/612"}],"wp:attachment":[{"href":"https:\/\/www.vagrad.de\/de\/wp-json\/wp\/v2\/media?parent=372"}],"curies":[{"name":"wp","href":"https:\/\/api.w.org\/{rel}","templated":true}]}}