{"id":367,"date":"2024-05-16T10:23:18","date_gmt":"2024-05-16T08:23:18","guid":{"rendered":"https:\/\/nextbike-live.pluspol-networks.de\/vagrad\/?page_id=367"},"modified":"2024-12-09T10:37:55","modified_gmt":"2024-12-09T09:37:55","slug":"altstadtrunde","status":"publish","type":"page","link":"https:\/\/www.vagrad.de\/de\/altstadtrunde\/","title":{"rendered":"Durch die Altstadt"},"content":{"rendered":"<div class=\"wpb-content-wrapper\"><p>[vc_row][vc_column][vc_column_text css=&#8220;&#8220;]<\/p>\n<h1 style=\"text-align: center\">Durch die Altstadt<\/h1>\n<p>[\/vc_column_text][vc_raw_html css=&#8220;&#8220;]JTNDaWZyYW1lJTIwc3JjJTNEJTIyaHR0cHMlM0ElMkYlMkZ3d3cua29tb290LmRlJTJGdG91ciUyRjExMTYwNjQ3NiUyRmVtYmVkJTIyJTIwd2lkdGglM0QlMjIxMDAlMjUlMjIlMjBoZWlnaHQlM0QlMjI2MDAlMjIlMjBmcmFtZWJvcmRlciUzRCUyMjAlMjIlMjBzY3JvbGxpbmclM0QlMjJubyUyMiUzRSUzQyUyRmlmcmFtZSUzRQ==[\/vc_raw_html][vc_column_text css=&#8220;&#8220;]Unsere sportliche, kurzweilige Runde durch und um die N\u00fcrnberger Altstadt beginnt an der Ausleihstation am K\u00f6nigstor, in unmittelbarer N\u00e4he des Bahnhofsplatzes.<\/p>\n<p>Es gibt viel zu entdecken, Bekanntes und Unbekanntes liegt an der rund 5,2 km langen Route durch die vielseitige Geschichte und Kultur der Frankenmetropole.<\/p>\n<p>Einen Teil der Sehensw\u00fcrdigkeiten auch einmal mit dem Rad zu erkunden bietet dir neben jeder Menge Fahrspa\u00df auch die M\u00f6glichkeit, das ein oder andere Mal einfach stehen zu bleiben und sich vor Ort gezielter an Schautafeln oder die Seele an einem der vielen Pl\u00e4tze einfach einmal baumeln zu lassen.<\/p>\n<p>Eine ausf\u00fchrliche Beschreibung der Tour\u00a0als Flyer zum Herunterladen findest du\u00a0<a href=\"http:\/\/www.vagrad.de\/media\/VAG_RadtourAltstadt_web.pdf\">hier<\/a>.[\/vc_column_text][\/vc_column][\/vc_row]<\/p>\n<\/div>","protected":false},"excerpt":{"rendered":"<p>[vc_row][vc_column][vc_column_text css=&#8220;&#8220;] Durch die Altstadt [\/vc_column_text][vc_raw_html css=&#8220;&#8220;]JTNDaWZyYW1lJTIwc3JjJTNEJTIyaHR0cHMlM0ElMkYlMkZ3d3cua29tb290LmRlJTJGdG91ciUyRjExMTYwNjQ3NiUyRmVtYmVkJTIyJTIwd2lkdGglM0QlMjIxMDAlMjUlMjIlMjBoZWlnaHQlM0QlMjI2MDAlMjIlMjBmcmFtZWJvcmRlciUzRCUyMjAlMjIlMjBzY3JvbGxpbmclM0QlMjJubyUyMiUzRSUzQyUyRmlmcmFtZSUzRQ==[\/vc_raw_html][vc_column_text css=&#8220;&#8220;]Unsere sportliche, kurzweilige Runde durch und um die N\u00fcrnberger Altstadt beginnt an der Ausleihstation am K\u00f6nigstor, in unmittelbarer N\u00e4he des Bahnhofsplatzes. Es gibt viel zu entdecken, Bekanntes und Unbekanntes liegt an der rund 5,2 km langen Route durch die vielseitige Geschichte und Kultur der Frankenmetropole. Einen Teil der [&hellip;]<\/p>\n","protected":false},"author":13,"featured_media":0,"parent":0,"menu_order":0,"comment_status":"closed","ping_status":"closed","template":"page-bubble.php","meta":{"_acf_changed":false,"inline_featured_image":false,"footnotes":""},"class_list":["post-367","page","type-page","status-publish","hentry"],"acf":[],"yoast_head":"<!-- This site is optimized with the Yoast SEO plugin v27.2 - https:\/\/yoast.com\/product\/yoast-seo-wordpress\/ -->\n<title>Durch die Altstadt - VAG_Rad N\u00fcrnberg<\/title>\n<meta name=\"description\" content=\"Sportliche, kurzweilige Runde durch und um die N\u00fcrnberger Altstadt\" \/>\n<meta name=\"robots\" content=\"index, follow, max-snippet:-1, max-image-preview:large, max-video-preview:-1\" \/>\n<link rel=\"canonical\" href=\"https:\/\/www.vagrad.de\/de\/altstadtrunde\/\" \/>\n<meta property=\"og:locale\" content=\"de_DE\" \/>\n<meta property=\"og:type\" content=\"article\" \/>\n<meta property=\"og:title\" content=\"Durch die Altstadt - VAG_Rad N\u00fcrnberg\" \/>\n<meta property=\"og:description\" content=\"Sportliche, kurzweilige Runde durch und um die N\u00fcrnberger Altstadt\" \/>\n<meta property=\"og:url\" content=\"https:\/\/www.vagrad.de\/de\/altstadtrunde\/\" \/>\n<meta property=\"og:site_name\" content=\"VAG_Rad N\u00fcrnberg\" \/>\n<meta property=\"article:modified_time\" content=\"2024-12-09T09:37:55+00:00\" \/>\n<meta name=\"twitter:card\" content=\"summary_large_image\" \/>\n<meta name=\"twitter:label1\" content=\"Gesch\u00e4tzte Lesezeit\" \/>\n\t<meta name=\"twitter:data1\" content=\"1\u00a0Minute\" \/>\n<script type=\"application\/ld+json\" class=\"yoast-schema-graph\">{\"@context\":\"https:\/\/schema.org\",\"@graph\":[{\"@type\":\"WebPage\",\"@id\":\"https:\/\/www.vagrad.de\/de\/altstadtrunde\/\",\"url\":\"https:\/\/www.vagrad.de\/de\/altstadtrunde\/\",\"name\":\"Durch die Altstadt - VAG_Rad N\u00fcrnberg\",\"isPartOf\":{\"@id\":\"https:\/\/www.vagrad.de\/de\/#website\"},\"datePublished\":\"2024-05-16T08:23:18+00:00\",\"dateModified\":\"2024-12-09T09:37:55+00:00\",\"description\":\"Sportliche, kurzweilige Runde durch und um die N\u00fcrnberger Altstadt\",\"breadcrumb\":{\"@id\":\"https:\/\/www.vagrad.de\/de\/altstadtrunde\/#breadcrumb\"},\"inLanguage\":\"de\",\"potentialAction\":[{\"@type\":\"ReadAction\",\"target\":[\"https:\/\/www.vagrad.de\/de\/altstadtrunde\/\"]}]},{\"@type\":\"BreadcrumbList\",\"@id\":\"https:\/\/www.vagrad.de\/de\/altstadtrunde\/#breadcrumb\",\"itemListElement\":[{\"@type\":\"ListItem\",\"position\":1,\"name\":\"Startseite\",\"item\":\"https:\/\/www.vagrad.de\/de\/\"},{\"@type\":\"ListItem\",\"position\":2,\"name\":\"Durch die Altstadt\"}]},{\"@type\":\"WebSite\",\"@id\":\"https:\/\/www.vagrad.de\/de\/#website\",\"url\":\"https:\/\/www.vagrad.de\/de\/\",\"name\":\"VAG_Rad N\u00fcrnberg\",\"description\":\"N\u00fcrnbergMOBIL-App downloaden und VAG_Rad fahren!\",\"potentialAction\":[{\"@type\":\"SearchAction\",\"target\":{\"@type\":\"EntryPoint\",\"urlTemplate\":\"https:\/\/www.vagrad.de\/de\/?s={search_term_string}\"},\"query-input\":{\"@type\":\"PropertyValueSpecification\",\"valueRequired\":true,\"valueName\":\"search_term_string\"}}],\"inLanguage\":\"de\"}]}<\/script>\n<!-- \/ Yoast SEO plugin. -->","yoast_head_json":{"title":"Durch die Altstadt - VAG_Rad N\u00fcrnberg","description":"Sportliche, kurzweilige Runde durch und um die N\u00fcrnberger Altstadt","robots":{"index":"index","follow":"follow","max-snippet":"max-snippet:-1","max-image-preview":"max-image-preview:large","max-video-preview":"max-video-preview:-1"},"canonical":"https:\/\/www.vagrad.de\/de\/altstadtrunde\/","og_locale":"de_DE","og_type":"article","og_title":"Durch die Altstadt - VAG_Rad N\u00fcrnberg","og_description":"Sportliche, kurzweilige Runde durch und um die N\u00fcrnberger Altstadt","og_url":"https:\/\/www.vagrad.de\/de\/altstadtrunde\/","og_site_name":"VAG_Rad N\u00fcrnberg","article_modified_time":"2024-12-09T09:37:55+00:00","twitter_card":"summary_large_image","twitter_misc":{"Gesch\u00e4tzte Lesezeit":"1\u00a0Minute"},"schema":{"@context":"https:\/\/schema.org","@graph":[{"@type":"WebPage","@id":"https:\/\/www.vagrad.de\/de\/altstadtrunde\/","url":"https:\/\/www.vagrad.de\/de\/altstadtrunde\/","name":"Durch die Altstadt - VAG_Rad N\u00fcrnberg","isPartOf":{"@id":"https:\/\/www.vagrad.de\/de\/#website"},"datePublished":"2024-05-16T08:23:18+00:00","dateModified":"2024-12-09T09:37:55+00:00","description":"Sportliche, kurzweilige Runde durch und um die N\u00fcrnberger Altstadt","breadcrumb":{"@id":"https:\/\/www.vagrad.de\/de\/altstadtrunde\/#breadcrumb"},"inLanguage":"de","potentialAction":[{"@type":"ReadAction","target":["https:\/\/www.vagrad.de\/de\/altstadtrunde\/"]}]},{"@type":"BreadcrumbList","@id":"https:\/\/www.vagrad.de\/de\/altstadtrunde\/#breadcrumb","itemListElement":[{"@type":"ListItem","position":1,"name":"Startseite","item":"https:\/\/www.vagrad.de\/de\/"},{"@type":"ListItem","position":2,"name":"Durch die Altstadt"}]},{"@type":"WebSite","@id":"https:\/\/www.vagrad.de\/de\/#website","url":"https:\/\/www.vagrad.de\/de\/","name":"VAG_Rad N\u00fcrnberg","description":"N\u00fcrnbergMOBIL-App downloaden und VAG_Rad fahren!","potentialAction":[{"@type":"SearchAction","target":{"@type":"EntryPoint","urlTemplate":"https:\/\/www.vagrad.de\/de\/?s={search_term_string}"},"query-input":{"@type":"PropertyValueSpecification","valueRequired":true,"valueName":"search_term_string"}}],"inLanguage":"de"}]}},"_links":{"self":[{"href":"https:\/\/www.vagrad.de\/de\/wp-json\/wp\/v2\/pages\/367","targetHints":{"allow":["GET"]}}],"collection":[{"href":"https:\/\/www.vagrad.de\/de\/wp-json\/wp\/v2\/pages"}],"about":[{"href":"https:\/\/www.vagrad.de\/de\/wp-json\/wp\/v2\/types\/page"}],"author":[{"embeddable":true,"href":"https:\/\/www.vagrad.de\/de\/wp-json\/wp\/v2\/users\/13"}],"replies":[{"embeddable":true,"href":"https:\/\/www.vagrad.de\/de\/wp-json\/wp\/v2\/comments?post=367"}],"version-history":[{"count":4,"href":"https:\/\/www.vagrad.de\/de\/wp-json\/wp\/v2\/pages\/367\/revisions"}],"predecessor-version":[{"id":619,"href":"https:\/\/www.vagrad.de\/de\/wp-json\/wp\/v2\/pages\/367\/revisions\/619"}],"wp:attachment":[{"href":"https:\/\/www.vagrad.de\/de\/wp-json\/wp\/v2\/media?parent=367"}],"curies":[{"name":"wp","href":"https:\/\/api.w.org\/{rel}","templated":true}]}}