{"id":349,"date":"2024-05-16T10:08:08","date_gmt":"2024-05-16T08:08:08","guid":{"rendered":"https:\/\/nextbike-live.pluspol-networks.de\/vagrad\/?page_id=349"},"modified":"2024-12-09T10:29:18","modified_gmt":"2024-12-09T09:29:18","slug":"touren","status":"publish","type":"page","link":"https:\/\/www.vagrad.de\/de\/touren\/","title":{"rendered":"Touren"},"content":{"rendered":"<div class=\"wpb-content-wrapper\"><p>[vc_row][vc_column][vc_column_text css=&#8220;&#8220;]<\/p>\n<h1 style=\"text-align: center\">Erkunde N\u00fcrnberg und Umgebung mit dem VAG_Rad<\/h1>\n<p>[\/vc_column_text][\/vc_column][\/vc_row][vc_row][vc_column width=&#8220;1\/6&#8243;][\/vc_column][vc_column width=&#8220;2\/6&#8243;][vc_single_image image=&#8220;361&#8243; img_size=&#8220;full&#8220; onclick=&#8220;custom_link&#8220; css=&#8220;&#8220; link=&#8220;https:\/\/www.vagrad.de\/de\/altstadtrunde\/&#8220;][vc_column_text css=&#8220;&#8220;]<\/p>\n<h2 style=\"text-align: center\"><a href=\"https:\/\/www.vagrad.de\/de\/altstadtrunde\/\">Durch die Altstadt<\/a><\/h2>\n<p style=\"text-align: center\">Es gibt viel zu entdecken: Bekanntes und Unbekanntes liegt an der rund f\u00fcnf Kilometer\u00a0langen Route durch die N\u00fcrnberger Altstadt.<\/p>\n<p style=\"text-align: center\"><strong><a href=\"https:\/\/www.komoot.com\/de-de\/tour\/111606476\">Zur Tour<\/a><\/strong><\/p>\n<p>[\/vc_column_text][\/vc_column][vc_column width=&#8220;2\/6&#8243;][vc_single_image image=&#8220;357&#8243; img_size=&#8220;full&#8220; onclick=&#8220;custom_link&#8220; css=&#8220;&#8220; link=&#8220;https:\/\/www.vagrad.de\/de\/dutzendteich\/&#8220;][vc_column_text css=&#8220;&#8220;]<\/p>\n<h2 class=\"primary-font teaser-headline\" style=\"text-align: center\"><a href=\"https:\/\/www.vagrad.de\/de\/dutzendteich\/\">Rund um den Dutzendteich<\/a><\/h2>\n<p style=\"text-align: center\">Der Dutzendteich ist nicht nur ein beliebtes Erholungsgebiet, hier befinden sich auch einige Zeugnisse aus der Zeit des Nationalsozialismus. Die Route rund um den Dutzendteich bietet dir neben viel Natur also auch Geschichte.<\/p>\n<p style=\"text-align: center\"><strong><a href=\"https:\/\/www.komoot.de\/tour\/113265427\/\">Zur Tour<\/a><\/strong><\/p>\n<p>[\/vc_column_text][\/vc_column][vc_column width=&#8220;1\/6&#8243;][\/vc_column][\/vc_row][vc_row][vc_column width=&#8220;1\/6&#8243;][\/vc_column][vc_column width=&#8220;2\/6&#8243;][vc_single_image image=&#8220;355&#8243; img_size=&#8220;full&#8220; onclick=&#8220;custom_link&#8220; css=&#8220;&#8220; link=&#8220;https:\/\/www.vagrad.de\/de\/voll-flexibel\/&#8220;][vc_column_text css=&#8220;&#8220;]<\/p>\n<h2 class=\"primary-font teaser-headline\" style=\"text-align: center\"><a href=\"https:\/\/www.vagrad.de\/de\/voll-flexibel\/\">Voll FLEXibel<\/a><\/h2>\n<p style=\"text-align: center\">Die rund 12 Kilometer lange Tour startet in Langwasser und f\u00fchrt dich\u00a0auf idyllischen Wegen entlang am &#8222;Alten Kanal&#8220;. Unterwegs\u00a0warten viele Bierg\u00e4rten zur gem\u00fctlichen Einkehr\u00a0auf dich.<\/p>\n<p style=\"text-align: center\"><strong><a href=\"https:\/\/www.komoot.com\/de-de\/tour\/1979108691?share_token=akrcSNCltHauPhpdia0y0qMpPsb7jGdAoQfGtodVD4TCMq71uu&amp;ref=wtd\">Zur Tour<\/a><\/strong><\/p>\n<p>[\/vc_column_text][\/vc_column][vc_column width=&#8220;2\/6&#8243;][vc_single_image image=&#8220;353&#8243; img_size=&#8220;full&#8220; onclick=&#8220;custom_link&#8220; css=&#8220;&#8220; link=&#8220;https:\/\/www.vagrad.de\/de\/garlicland\/&#8220;][vc_column_text css=&#8220;&#8220;]<\/p>\n<h2 class=\"primary-font teaser-headline\" style=\"text-align: center\"><a href=\"https:\/\/www.vagrad.de\/de\/garlicland\/\">Zum Knoblauchsland und zur\u00fcck<\/a><\/h2>\n<p style=\"text-align: center\">Die abwechslungsreiche, rund 19 Kilometer lange Tour eignet sich perfekt f\u00fcr einen Tagesausflug. Das Knoblauchsland und die vielen Parks auf der Strecke laden zu einer Verschnaufpause ein.<\/p>\n<p style=\"text-align: center\"><strong><a href=\"https:\/\/www.komoot.de\/tour\/1070487290\/\">Zur Tour<\/a><\/strong><\/p>\n<p>[\/vc_column_text][\/vc_column][vc_column width=&#8220;1\/6&#8243;][\/vc_column][\/vc_row][vc_row][vc_column width=&#8220;1\/6&#8243;][\/vc_column][vc_column width=&#8220;2\/6&#8243;][vc_single_image image=&#8220;351&#8243; img_size=&#8220;full&#8220; onclick=&#8220;custom_link&#8220; css=&#8220;&#8220; link=&#8220;https:\/\/www.vagrad.de\/de\/nuernberg-entdecken\/&#8220;][vc_column_text css=&#8220;&#8220;]<\/p>\n<h2 class=\"primary-font teaser-headline\" style=\"text-align: center\"><a href=\"https:\/\/www.vagrad.de\/de\/nuernberg-entdecken\/\">N\u00fcrnberg entdecken<\/a><\/h2>\n<p style=\"text-align: center\">Die Tour f\u00fchrt \u00fcber den Marienbergpark, am sch\u00f6nen Pegnitzgrund entlang bis nach F\u00fcrth und endet an der Fronveste, Teil der letzten historischen Stadtbefestigung in N\u00fcrnberg.<\/p>\n<p style=\"text-align: center\"><strong><a href=\"https:\/\/www.komoot.com\/de-de\/tour\/1642282555?share_token=an1Br5os5mMITcaG30E5z7N0gmrrp7pAtBUYIP7TjvhF7Bt8I2&amp;ref=wtd\">Zur Tour<\/a><\/strong><\/p>\n<p>[\/vc_column_text][\/vc_column][vc_column width=&#8220;2\/6&#8243;][\/vc_column][vc_column width=&#8220;1\/6&#8243;][\/vc_column][\/vc_row]<\/p>\n<\/div>","protected":false},"excerpt":{"rendered":"<p>[vc_row][vc_column][vc_column_text css=&#8220;&#8220;] Erkunde N\u00fcrnberg und Umgebung mit dem VAG_Rad [\/vc_column_text][\/vc_column][\/vc_row][vc_row][vc_column width=&#8220;1\/6&#8243;][\/vc_column][vc_column width=&#8220;2\/6&#8243;][vc_single_image image=&#8220;361&#8243; img_size=&#8220;full&#8220; onclick=&#8220;custom_link&#8220; css=&#8220;&#8220; link=&#8220;https:\/\/www.vagrad.de\/de\/altstadtrunde\/&#8220;][vc_column_text css=&#8220;&#8220;] Durch die Altstadt Es gibt viel zu entdecken: Bekanntes und Unbekanntes liegt an der rund f\u00fcnf Kilometer\u00a0langen Route durch die N\u00fcrnberger Altstadt. Zur Tour [\/vc_column_text][\/vc_column][vc_column width=&#8220;2\/6&#8243;][vc_single_image image=&#8220;357&#8243; img_size=&#8220;full&#8220; onclick=&#8220;custom_link&#8220; css=&#8220;&#8220; link=&#8220;https:\/\/www.vagrad.de\/de\/dutzendteich\/&#8220;][vc_column_text css=&#8220;&#8220;] Rund um den Dutzendteich Der [&hellip;]<\/p>\n","protected":false},"author":13,"featured_media":0,"parent":0,"menu_order":0,"comment_status":"closed","ping_status":"closed","template":"page-bubble.php","meta":{"_acf_changed":false,"inline_featured_image":false,"footnotes":""},"class_list":["post-349","page","type-page","status-publish","hentry"],"acf":[],"yoast_head":"<!-- This site is optimized with the Yoast SEO plugin v27.2 - https:\/\/yoast.com\/product\/yoast-seo-wordpress\/ -->\n<title>Radtouren mit dem VAG_Rad<\/title>\n<meta name=\"description\" content=\"Erkunde N\u00fcrnberg mit dem VAG_Rad.\" \/>\n<meta name=\"robots\" content=\"index, follow, max-snippet:-1, max-image-preview:large, max-video-preview:-1\" \/>\n<link rel=\"canonical\" href=\"https:\/\/www.vagrad.de\/de\/touren\/\" \/>\n<meta property=\"og:locale\" content=\"de_DE\" \/>\n<meta property=\"og:type\" content=\"article\" \/>\n<meta property=\"og:title\" content=\"Radtouren mit dem VAG_Rad\" \/>\n<meta property=\"og:description\" content=\"Erkunde N\u00fcrnberg mit dem VAG_Rad.\" \/>\n<meta property=\"og:url\" content=\"https:\/\/www.vagrad.de\/de\/touren\/\" \/>\n<meta property=\"og:site_name\" content=\"VAG_Rad N\u00fcrnberg\" \/>\n<meta property=\"article:modified_time\" content=\"2024-12-09T09:29:18+00:00\" \/>\n<meta name=\"twitter:card\" content=\"summary_large_image\" \/>\n<meta name=\"twitter:label1\" content=\"Gesch\u00e4tzte Lesezeit\" \/>\n\t<meta name=\"twitter:data1\" content=\"2\u00a0Minuten\" \/>\n<script type=\"application\/ld+json\" class=\"yoast-schema-graph\">{\"@context\":\"https:\/\/schema.org\",\"@graph\":[{\"@type\":\"WebPage\",\"@id\":\"https:\/\/www.vagrad.de\/de\/touren\/\",\"url\":\"https:\/\/www.vagrad.de\/de\/touren\/\",\"name\":\"Radtouren mit dem VAG_Rad\",\"isPartOf\":{\"@id\":\"https:\/\/www.vagrad.de\/de\/#website\"},\"datePublished\":\"2024-05-16T08:08:08+00:00\",\"dateModified\":\"2024-12-09T09:29:18+00:00\",\"description\":\"Erkunde N\u00fcrnberg mit dem VAG_Rad.\",\"breadcrumb\":{\"@id\":\"https:\/\/www.vagrad.de\/de\/touren\/#breadcrumb\"},\"inLanguage\":\"de\",\"potentialAction\":[{\"@type\":\"ReadAction\",\"target\":[\"https:\/\/www.vagrad.de\/de\/touren\/\"]}]},{\"@type\":\"BreadcrumbList\",\"@id\":\"https:\/\/www.vagrad.de\/de\/touren\/#breadcrumb\",\"itemListElement\":[{\"@type\":\"ListItem\",\"position\":1,\"name\":\"Startseite\",\"item\":\"https:\/\/www.vagrad.de\/de\/\"},{\"@type\":\"ListItem\",\"position\":2,\"name\":\"Touren\"}]},{\"@type\":\"WebSite\",\"@id\":\"https:\/\/www.vagrad.de\/de\/#website\",\"url\":\"https:\/\/www.vagrad.de\/de\/\",\"name\":\"VAG_Rad N\u00fcrnberg\",\"description\":\"N\u00fcrnbergMOBIL-App downloaden und VAG_Rad fahren!\",\"potentialAction\":[{\"@type\":\"SearchAction\",\"target\":{\"@type\":\"EntryPoint\",\"urlTemplate\":\"https:\/\/www.vagrad.de\/de\/?s={search_term_string}\"},\"query-input\":{\"@type\":\"PropertyValueSpecification\",\"valueRequired\":true,\"valueName\":\"search_term_string\"}}],\"inLanguage\":\"de\"}]}<\/script>\n<!-- \/ Yoast SEO plugin. -->","yoast_head_json":{"title":"Radtouren mit dem VAG_Rad","description":"Erkunde N\u00fcrnberg mit dem VAG_Rad.","robots":{"index":"index","follow":"follow","max-snippet":"max-snippet:-1","max-image-preview":"max-image-preview:large","max-video-preview":"max-video-preview:-1"},"canonical":"https:\/\/www.vagrad.de\/de\/touren\/","og_locale":"de_DE","og_type":"article","og_title":"Radtouren mit dem VAG_Rad","og_description":"Erkunde N\u00fcrnberg mit dem VAG_Rad.","og_url":"https:\/\/www.vagrad.de\/de\/touren\/","og_site_name":"VAG_Rad N\u00fcrnberg","article_modified_time":"2024-12-09T09:29:18+00:00","twitter_card":"summary_large_image","twitter_misc":{"Gesch\u00e4tzte Lesezeit":"2\u00a0Minuten"},"schema":{"@context":"https:\/\/schema.org","@graph":[{"@type":"WebPage","@id":"https:\/\/www.vagrad.de\/de\/touren\/","url":"https:\/\/www.vagrad.de\/de\/touren\/","name":"Radtouren mit dem VAG_Rad","isPartOf":{"@id":"https:\/\/www.vagrad.de\/de\/#website"},"datePublished":"2024-05-16T08:08:08+00:00","dateModified":"2024-12-09T09:29:18+00:00","description":"Erkunde N\u00fcrnberg mit dem VAG_Rad.","breadcrumb":{"@id":"https:\/\/www.vagrad.de\/de\/touren\/#breadcrumb"},"inLanguage":"de","potentialAction":[{"@type":"ReadAction","target":["https:\/\/www.vagrad.de\/de\/touren\/"]}]},{"@type":"BreadcrumbList","@id":"https:\/\/www.vagrad.de\/de\/touren\/#breadcrumb","itemListElement":[{"@type":"ListItem","position":1,"name":"Startseite","item":"https:\/\/www.vagrad.de\/de\/"},{"@type":"ListItem","position":2,"name":"Touren"}]},{"@type":"WebSite","@id":"https:\/\/www.vagrad.de\/de\/#website","url":"https:\/\/www.vagrad.de\/de\/","name":"VAG_Rad N\u00fcrnberg","description":"N\u00fcrnbergMOBIL-App downloaden und VAG_Rad fahren!","potentialAction":[{"@type":"SearchAction","target":{"@type":"EntryPoint","urlTemplate":"https:\/\/www.vagrad.de\/de\/?s={search_term_string}"},"query-input":{"@type":"PropertyValueSpecification","valueRequired":true,"valueName":"search_term_string"}}],"inLanguage":"de"}]}},"_links":{"self":[{"href":"https:\/\/www.vagrad.de\/de\/wp-json\/wp\/v2\/pages\/349","targetHints":{"allow":["GET"]}}],"collection":[{"href":"https:\/\/www.vagrad.de\/de\/wp-json\/wp\/v2\/pages"}],"about":[{"href":"https:\/\/www.vagrad.de\/de\/wp-json\/wp\/v2\/types\/page"}],"author":[{"embeddable":true,"href":"https:\/\/www.vagrad.de\/de\/wp-json\/wp\/v2\/users\/13"}],"replies":[{"embeddable":true,"href":"https:\/\/www.vagrad.de\/de\/wp-json\/wp\/v2\/comments?post=349"}],"version-history":[{"count":16,"href":"https:\/\/www.vagrad.de\/de\/wp-json\/wp\/v2\/pages\/349\/revisions"}],"predecessor-version":[{"id":617,"href":"https:\/\/www.vagrad.de\/de\/wp-json\/wp\/v2\/pages\/349\/revisions\/617"}],"wp:attachment":[{"href":"https:\/\/www.vagrad.de\/de\/wp-json\/wp\/v2\/media?parent=349"}],"curies":[{"name":"wp","href":"https:\/\/api.w.org\/{rel}","templated":true}]}}