{"id":150,"date":"2024-02-22T11:33:24","date_gmt":"2024-02-22T10:33:24","guid":{"rendered":"https:\/\/nextbike-live.pluspol-networks.de\/vagrad\/?page_id=150"},"modified":"2026-03-10T11:44:28","modified_gmt":"2026-03-10T10:44:28","slug":"freiminuten","status":"publish","type":"page","link":"https:\/\/www.vagrad.de\/de\/freiminuten\/","title":{"rendered":"Freiminuten"},"content":{"rendered":"<div class=\"wpb-content-wrapper\"><p>[vc_row ppi_row_padding=&#8220;ppi_remove_padding_bottom&#8220;][vc_column][vc_column_text css=&#8220;&#8220;]<\/p>\n<h1 style=\"text-align: center\">Freiminuten<\/h1>\n<p style=\"text-align: center\"><strong>Verkn\u00fcpfe dein VGN-Abo mit deinem N\u00fcrnbergMOBIL Account und erhalte 600 Freiminuten <\/strong><strong>pro Monat (Freiminuten zzgl. Startgeb\u00fchr).<\/strong><\/p>\n<p style=\"text-align: center\"><strong><span class=\"ui-provider a b c d e f g h i j k l m n o p q r s t u v w x y z ab ac ae af ag ah ai aj ak\" dir=\"ltr\">Zus\u00e4tzlich erh\u00e4ltst du 15 Freiminuten pro Monat f\u00fcr den e-Scooter Voi (Freiminuten zzgl. Startgeb\u00fchr).<\/span><\/strong><\/p>\n<p>[\/vc_column_text][\/vc_column][\/vc_row][vc_row][vc_column width=&#8220;1\/6&#8243; offset=&#8220;vc_hidden-sm vc_hidden-xs&#8220;][vc_single_image image=&#8220;164&#8243; img_size=&#8220;100px&#8220; alignment=&#8220;center&#8220;][\/vc_column][vc_column width=&#8220;5\/6&#8243;][vc_tta_accordion active_section=&#8220;0&#8243; collapsible_all=&#8220;true&#8220; title=&#8220;VGN Abo-Kund*innen&#8220;][vc_tta_section title=&#8220;Verkn\u00fcpfung via N\u00fcrnbergMOBIL-App&#8220; tab_id=&#8220;nuernbergmobil&#8220;][vc_column_text css=&#8220;&#8220;]<\/p>\n<ol>\n<li>Registriere dich in der N\u00fcrnbergMOBIL-App<\/li>\n<li>Klicke auf den Men\u00fcpunkt &#8222;VAG_Rad&#8220; und w\u00e4hle &#8222;Abo\/Firma verkn\u00fcpfen&#8220; -&gt; &#8222;Abo&#8220; aus<\/li>\n<li>W\u00e4hle nun deinen Vertragspartner aus und trage die ben\u00f6tigten Abodaten zur Verifizierung ein<\/li>\n<li>Bei erfolgreicher Verkn\u00fcpfung werden dir die 600 Freiminuten pro Monat im Men\u00fcpunkt &#8222;VAG_Rad&#8220; angezeigt und zur Nutzung gutgeschrieben.(exkl. Startgeb\u00fchr)<\/li>\n<\/ol>\n<p>[\/vc_column_text][\/vc_tta_section][\/vc_tta_accordion][\/vc_column][\/vc_row][vc_row ppi_row_padding=&#8220;ppi_remove_padding_top&#8220;][vc_column width=&#8220;1\/6&#8243; offset=&#8220;vc_hidden-sm vc_hidden-xs&#8220;][vc_single_image image=&#8220;160&#8243; img_size=&#8220;100px&#8220; alignment=&#8220;center&#8220;][\/vc_column][vc_column width=&#8220;5\/6&#8243;][vc_tta_accordion active_section=&#8220;0&#8243; collapsible_all=&#8220;true&#8220; title=&#8220;Deutschlandticket&#8220;][vc_tta_section title=&#8220;Bei Kauf \u00fcber die N\u00fcrnbergMOBIL-App&#8220; tab_id=&#8220;dt1&#8243;][vc_column_text css=&#8220;&#8220;]<\/p>\n<ol>\n<li>Registriere dich in der N\u00fcrnbergMOBIL-App<\/li>\n<li>Kaufe das Deutschlandticket\u00a0in der App<\/li>\n<li>Rufe den Men\u00fcpunkt &#8222;VAG_Rad&#8220; auf: Hier werden dir deine 600 Freiminuten pro Monat automatisch angezeigt und zur Nutzung gutgeschrieben.\u00a0(exkl. Startgeb\u00fchr)<\/li>\n<\/ol>\n<p>[\/vc_column_text][\/vc_tta_section][vc_tta_section title=&#8220;Bei Kauf \u00fcber meinabo.vag.de&#8220; tab_id=&#8220;meinabo&#8220;][vc_column_text css=&#8220;&#8220;]Anzeige des Tickets in der <strong>N\u00fcrnbergMOBIL-<\/strong>App:<\/p>\n<ol>\n<li>Registriere dich in der N\u00fcrnbergMOBIL-App<\/li>\n<li>Dein Deutschlandticket und deine Freiminuten werden zum Start deines Abonnements automatisch angezeigt und die Freiminuten zur Nutzung gutgeschrieben. (exkl. Startgeb\u00fchr)<\/li>\n<\/ol>\n<p>Anzeige des Tickets in der <strong>VGN Fahrplan &amp; Tickets-<\/strong>App:<\/p>\n<ul>\n<li>Registriere dich in der N\u00fcrnbergMOBIL-App<\/li>\n<li>Verkn\u00fcpfe dein Deutschlandticket durch die Eingabe deiner 7-stelligen Kundennummer unter &#8222;Abo\/Firma verkn\u00fcpfen&#8220; im Men\u00fcpunkt &#8222;VAG_Rad&#8220;. Diese findest du auf deinem Ticket.<\/li>\n<li>Rufe den Men\u00fcpunkt &#8222;VAG_Rad&#8220; auf: Hier werden dir deine 600 Freiminuten pro Monat automatisch angezeigt und zur Nutzung gutgeschrieben. (exkl. Startgeb\u00fchr)<\/li>\n<\/ul>\n<p>[\/vc_column_text][\/vc_tta_section][\/vc_tta_accordion][\/vc_column][\/vc_row][vc_row ppi_row_padding=&#8220;ppi_remove_padding_top&#8220;][vc_column width=&#8220;1\/6&#8243; offset=&#8220;vc_hidden-sm vc_hidden-xs&#8220;][vc_single_image image=&#8220;173&#8243; img_size=&#8220;140px&#8220;][\/vc_column][vc_column width=&#8220;5\/6&#8243;][vc_tta_accordion active_section=&#8220;0&#8243; collapsible_all=&#8220;true&#8220; title=&#8220;Erm\u00e4\u00dfigungsticket &amp; Deutschlandticket N\u00fcrnbergPass&#8220;][vc_tta_section title=&#8220;Bei Kauf \u00fcber die N\u00fcrnbergMOBIL-App oder VGN Fahrplan &amp; Tickets-App&#8220; tab_id=&#8220;1710425594362-85ace850-c216&#8243;][vc_column_text css=&#8220;&#8220;]<\/p>\n<ol>\n<li>Registriere dich in der\u00a0jeweiligen App<\/li>\n<li>W\u00e4hle das Ticket deiner Wahl zum Kauf aus<\/li>\n<li>Nun wirst du zu meinabo.vag.de weitergeleitet, um das Abonnement zu bestellen<\/li>\n<li style=\"text-align: left\">W\u00e4hle die N\u00fcrnbergMOBIL-App (Ticket &amp; Freiminuten in einer App) oder die VGN Fahrplan &amp; Tickets-App als Ausgabemedium aus<\/li>\n<\/ol>\n<p>Anzeige des Tickets in der\u00a0<strong>N\u00fcrnbergMOBIL-<\/strong>App:<\/p>\n<ul>\n<li>Dein Deutschlandticket und deine Freiminuten werden zum Start deines Abonnements automatisch angezeigt und die Freiminuten zur Nutzung gutgeschrieben. (exkl. Startgeb\u00fchr)<\/li>\n<\/ul>\n<p>Anzeige des Tickets in der\u00a0<strong>VGN Fahrplan &amp; Tickets-<\/strong>App:<\/p>\n<ul>\n<li>Registriere dich in der N\u00fcrnbergMOBIL-App<\/li>\n<li>Verkn\u00fcpfe dein Deutschlandticket durch die Eingabe deiner 7-stelligen Kundennummer unter &#8222;Abo\/Firma verkn\u00fcpfen&#8220; im Men\u00fcpunkt &#8222;VAG_Rad&#8220;. Diese findest du auf deinem Ticket.<\/li>\n<li>Rufe den Men\u00fcpunkt &#8222;VAG_Rad&#8220; auf: Hier werden dir deine 600 Freiminuten pro Monat nach erfolgreicher Verkn\u00fcpfung automatisch angezeigt und zur Nutzung gutgeschrieben. (exkl. Startgeb\u00fchr)<\/li>\n<\/ul>\n<p>[\/vc_column_text][\/vc_tta_section][\/vc_tta_accordion][\/vc_column][\/vc_row]<\/p>\n<\/div>","protected":false},"excerpt":{"rendered":"<p>[vc_row ppi_row_padding=&#8220;ppi_remove_padding_bottom&#8220;][vc_column][vc_column_text css=&#8220;&#8220;] Freiminuten Verkn\u00fcpfe dein VGN-Abo mit deinem N\u00fcrnbergMOBIL Account und erhalte 600 Freiminuten pro Monat (Freiminuten zzgl. Startgeb\u00fchr). Zus\u00e4tzlich erh\u00e4ltst du 15 Freiminuten pro Monat f\u00fcr den e-Scooter Voi (Freiminuten zzgl. Startgeb\u00fchr). [\/vc_column_text][\/vc_column][\/vc_row][vc_row][vc_column width=&#8220;1\/6&#8243; offset=&#8220;vc_hidden-sm vc_hidden-xs&#8220;][vc_single_image image=&#8220;164&#8243; img_size=&#8220;100px&#8220; alignment=&#8220;center&#8220;][\/vc_column][vc_column width=&#8220;5\/6&#8243;][vc_tta_accordion active_section=&#8220;0&#8243; collapsible_all=&#8220;true&#8220; title=&#8220;VGN Abo-Kund*innen&#8220;][vc_tta_section title=&#8220;Verkn\u00fcpfung via N\u00fcrnbergMOBIL-App&#8220; tab_id=&#8220;nuernbergmobil&#8220;][vc_column_text css=&#8220;&#8220;] Registriere dich in der [&hellip;]<\/p>\n","protected":false},"author":13,"featured_media":0,"parent":0,"menu_order":0,"comment_status":"closed","ping_status":"closed","template":"page-bubble.php","meta":{"_acf_changed":false,"inline_featured_image":false,"footnotes":""},"class_list":["post-150","page","type-page","status-publish","hentry"],"acf":[],"yoast_head":"<!-- This site is optimized with the Yoast SEO plugin v27.2 - https:\/\/yoast.com\/product\/yoast-seo-wordpress\/ -->\n<title>Freiminuten - VAG_Rad N\u00fcrnberg<\/title>\n<meta name=\"description\" content=\"Abonnent*innen lokaler \u00d6PNV Anbieter erhalten pro Monat 600 Freiminuten. Verkn\u00fcpfe dein Konto und genie\u00dfe Freifahren.\" \/>\n<meta name=\"robots\" content=\"index, follow, max-snippet:-1, max-image-preview:large, max-video-preview:-1\" \/>\n<link rel=\"canonical\" href=\"https:\/\/www.vagrad.de\/de\/freiminuten\/\" \/>\n<meta property=\"og:locale\" content=\"de_DE\" \/>\n<meta property=\"og:type\" content=\"article\" \/>\n<meta property=\"og:title\" content=\"Freiminuten - VAG_Rad N\u00fcrnberg\" \/>\n<meta property=\"og:description\" content=\"Abonnent*innen lokaler \u00d6PNV Anbieter erhalten pro Monat 600 Freiminuten. Verkn\u00fcpfe dein Konto und genie\u00dfe Freifahren.\" \/>\n<meta property=\"og:url\" content=\"https:\/\/www.vagrad.de\/de\/freiminuten\/\" \/>\n<meta property=\"og:site_name\" content=\"VAG_Rad N\u00fcrnberg\" \/>\n<meta property=\"article:modified_time\" content=\"2026-03-10T10:44:28+00:00\" \/>\n<meta name=\"twitter:card\" content=\"summary_large_image\" \/>\n<meta name=\"twitter:label1\" content=\"Gesch\u00e4tzte Lesezeit\" \/>\n\t<meta name=\"twitter:data1\" content=\"3\u00a0Minuten\" \/>\n<script type=\"application\/ld+json\" class=\"yoast-schema-graph\">{\"@context\":\"https:\/\/schema.org\",\"@graph\":[{\"@type\":\"WebPage\",\"@id\":\"https:\/\/www.vagrad.de\/de\/freiminuten\/\",\"url\":\"https:\/\/www.vagrad.de\/de\/freiminuten\/\",\"name\":\"Freiminuten - VAG_Rad N\u00fcrnberg\",\"isPartOf\":{\"@id\":\"https:\/\/www.vagrad.de\/de\/#website\"},\"datePublished\":\"2024-02-22T10:33:24+00:00\",\"dateModified\":\"2026-03-10T10:44:28+00:00\",\"description\":\"Abonnent*innen lokaler \u00d6PNV Anbieter erhalten pro Monat 600 Freiminuten. Verkn\u00fcpfe dein Konto und genie\u00dfe Freifahren.\",\"breadcrumb\":{\"@id\":\"https:\/\/www.vagrad.de\/de\/freiminuten\/#breadcrumb\"},\"inLanguage\":\"de\",\"potentialAction\":[{\"@type\":\"ReadAction\",\"target\":[\"https:\/\/www.vagrad.de\/de\/freiminuten\/\"]}]},{\"@type\":\"BreadcrumbList\",\"@id\":\"https:\/\/www.vagrad.de\/de\/freiminuten\/#breadcrumb\",\"itemListElement\":[{\"@type\":\"ListItem\",\"position\":1,\"name\":\"Startseite\",\"item\":\"https:\/\/www.vagrad.de\/de\/\"},{\"@type\":\"ListItem\",\"position\":2,\"name\":\"Freiminuten\"}]},{\"@type\":\"WebSite\",\"@id\":\"https:\/\/www.vagrad.de\/de\/#website\",\"url\":\"https:\/\/www.vagrad.de\/de\/\",\"name\":\"VAG_Rad N\u00fcrnberg\",\"description\":\"N\u00fcrnbergMOBIL-App downloaden und VAG_Rad fahren!\",\"potentialAction\":[{\"@type\":\"SearchAction\",\"target\":{\"@type\":\"EntryPoint\",\"urlTemplate\":\"https:\/\/www.vagrad.de\/de\/?s={search_term_string}\"},\"query-input\":{\"@type\":\"PropertyValueSpecification\",\"valueRequired\":true,\"valueName\":\"search_term_string\"}}],\"inLanguage\":\"de\"}]}<\/script>\n<!-- \/ Yoast SEO plugin. -->","yoast_head_json":{"title":"Freiminuten - VAG_Rad N\u00fcrnberg","description":"Abonnent*innen lokaler \u00d6PNV Anbieter erhalten pro Monat 600 Freiminuten. Verkn\u00fcpfe dein Konto und genie\u00dfe Freifahren.","robots":{"index":"index","follow":"follow","max-snippet":"max-snippet:-1","max-image-preview":"max-image-preview:large","max-video-preview":"max-video-preview:-1"},"canonical":"https:\/\/www.vagrad.de\/de\/freiminuten\/","og_locale":"de_DE","og_type":"article","og_title":"Freiminuten - VAG_Rad N\u00fcrnberg","og_description":"Abonnent*innen lokaler \u00d6PNV Anbieter erhalten pro Monat 600 Freiminuten. Verkn\u00fcpfe dein Konto und genie\u00dfe Freifahren.","og_url":"https:\/\/www.vagrad.de\/de\/freiminuten\/","og_site_name":"VAG_Rad N\u00fcrnberg","article_modified_time":"2026-03-10T10:44:28+00:00","twitter_card":"summary_large_image","twitter_misc":{"Gesch\u00e4tzte Lesezeit":"3\u00a0Minuten"},"schema":{"@context":"https:\/\/schema.org","@graph":[{"@type":"WebPage","@id":"https:\/\/www.vagrad.de\/de\/freiminuten\/","url":"https:\/\/www.vagrad.de\/de\/freiminuten\/","name":"Freiminuten - VAG_Rad N\u00fcrnberg","isPartOf":{"@id":"https:\/\/www.vagrad.de\/de\/#website"},"datePublished":"2024-02-22T10:33:24+00:00","dateModified":"2026-03-10T10:44:28+00:00","description":"Abonnent*innen lokaler \u00d6PNV Anbieter erhalten pro Monat 600 Freiminuten. Verkn\u00fcpfe dein Konto und genie\u00dfe Freifahren.","breadcrumb":{"@id":"https:\/\/www.vagrad.de\/de\/freiminuten\/#breadcrumb"},"inLanguage":"de","potentialAction":[{"@type":"ReadAction","target":["https:\/\/www.vagrad.de\/de\/freiminuten\/"]}]},{"@type":"BreadcrumbList","@id":"https:\/\/www.vagrad.de\/de\/freiminuten\/#breadcrumb","itemListElement":[{"@type":"ListItem","position":1,"name":"Startseite","item":"https:\/\/www.vagrad.de\/de\/"},{"@type":"ListItem","position":2,"name":"Freiminuten"}]},{"@type":"WebSite","@id":"https:\/\/www.vagrad.de\/de\/#website","url":"https:\/\/www.vagrad.de\/de\/","name":"VAG_Rad N\u00fcrnberg","description":"N\u00fcrnbergMOBIL-App downloaden und VAG_Rad fahren!","potentialAction":[{"@type":"SearchAction","target":{"@type":"EntryPoint","urlTemplate":"https:\/\/www.vagrad.de\/de\/?s={search_term_string}"},"query-input":{"@type":"PropertyValueSpecification","valueRequired":true,"valueName":"search_term_string"}}],"inLanguage":"de"}]}},"_links":{"self":[{"href":"https:\/\/www.vagrad.de\/de\/wp-json\/wp\/v2\/pages\/150","targetHints":{"allow":["GET"]}}],"collection":[{"href":"https:\/\/www.vagrad.de\/de\/wp-json\/wp\/v2\/pages"}],"about":[{"href":"https:\/\/www.vagrad.de\/de\/wp-json\/wp\/v2\/types\/page"}],"author":[{"embeddable":true,"href":"https:\/\/www.vagrad.de\/de\/wp-json\/wp\/v2\/users\/13"}],"replies":[{"embeddable":true,"href":"https:\/\/www.vagrad.de\/de\/wp-json\/wp\/v2\/comments?post=150"}],"version-history":[{"count":35,"href":"https:\/\/www.vagrad.de\/de\/wp-json\/wp\/v2\/pages\/150\/revisions"}],"predecessor-version":[{"id":1015,"href":"https:\/\/www.vagrad.de\/de\/wp-json\/wp\/v2\/pages\/150\/revisions\/1015"}],"wp:attachment":[{"href":"https:\/\/www.vagrad.de\/de\/wp-json\/wp\/v2\/media?parent=150"}],"curies":[{"name":"wp","href":"https:\/\/api.w.org\/{rel}","templated":true}]}}